{"id":483,"date":"2019-11-07T15:03:11","date_gmt":"2019-11-07T14:03:11","guid":{"rendered":"http:\/\/angelic.novae.website\/?page_id=483"},"modified":"2024-12-09T16:01:34","modified_gmt":"2024-12-09T15:01:34","slug":"situazione-contatti","status":"publish","type":"page","link":"https:\/\/www.hotel-alliance-lourdes.com\/it\/situazione-contatti\/","title":{"rendered":"Situazione &#038; Contatti"},"content":{"rendered":"<div class=\"wpb-content-wrapper\"><p>[vc_row full_width=&#8221;stretch_row_content_no_spaces&#8221; overflow=&#8221;default&#8221; css=&#8221;.vc_custom_1733756493171{padding-top: 175px !important;padding-bottom: 50px !important;background-image: url(https:\/\/www.hotel-alliance-lourdes.com\/wp-content\/uploads\/2019\/10\/Background-provisoir.jpg?id=294) !important;background-position: center !important;background-repeat: no-repeat !important;background-size: cover !important;}&#8221;][vc_column][vc_text_separator title=&#8221;Situazione &amp; Contatti&#8221; color=&#8221;white&#8221; border_width=&#8221;2&#8243; el_width=&#8221;50&#8243; el_class=&#8221;title&#8221;][\/vc_column][\/vc_row][vc_row full_width=&#8221;stretch_row_content&#8221; equal_height=&#8221;yes&#8221; content_placement=&#8221;top&#8221; overflow=&#8221;default&#8221;][vc_column width=&#8221;1\/2&#8243; overflow=&#8221;default&#8221; css=&#8221;.vc_custom_1571230840477{padding: 10% !important;}&#8221;][vc_text_separator title=&#8221;Contact&#8221; title_align=&#8221;separator_align_left&#8221; align=&#8221;align_left&#8221; color=&#8221;custom&#8221; border_width=&#8221;2&#8243; accent_color=&#8221;#b65534&#8243; el_class=&#8221;subtitle&#8221;][vc_column_text]<\/p>\n<h3><strong>Alliance Hotel<\/strong><\/h3>\n<p><strong>Indirizzo :<\/strong> 9 Rue Louis Pomes, 65100 Lourdes &#8211; France<br \/>\n<strong>Telefono :<\/strong> +33 (0)5 62 46 15 25<br \/>\n<strong>Fax :<\/strong> +33 (0)5 62 92 56 32<br \/>\n<strong>E-mail :<\/strong> <a href=\"mailto:alliance-hotel65@orange.fr\">alliance-hotel65@orange.fr<\/a>[\/vc_column_text][vc_text_separator title=&#8221;Modulo di contatto&#8221; title_align=&#8221;separator_align_left&#8221; align=&#8221;align_left&#8221; color=&#8221;custom&#8221; border_width=&#8221;2&#8243; accent_color=&#8221;#b65534&#8243; el_class=&#8221;subtitle&#8221;]\n<div class=\"wpcf7 no-js\" id=\"wpcf7-f485-o1\" lang=\"fr-FR\" dir=\"ltr\" data-wpcf7-id=\"485\">\n<div class=\"screen-reader-response\"><p role=\"status\" aria-live=\"polite\" aria-atomic=\"true\"><\/p> <ul><\/ul><\/div>\n<form action=\"\/it\/wp-json\/wp\/v2\/pages\/483#wpcf7-f485-o1\" method=\"post\" class=\"wpcf7-form init\" aria-label=\"Formulaire de contact\" novalidate=\"novalidate\" data-status=\"init\">\n<div style=\"display: none;\">\n<input type=\"hidden\" name=\"_wpcf7\" value=\"485\" \/>\n<input type=\"hidden\" name=\"_wpcf7_version\" value=\"6.0.1\" \/>\n<input type=\"hidden\" name=\"_wpcf7_locale\" value=\"fr_FR\" \/>\n<input type=\"hidden\" name=\"_wpcf7_unit_tag\" value=\"wpcf7-f485-o1\" \/>\n<input type=\"hidden\" name=\"_wpcf7_container_post\" value=\"0\" \/>\n<input type=\"hidden\" name=\"_wpcf7_posted_data_hash\" value=\"\" \/>\n<input type=\"hidden\" name=\"_wpcf7_recaptcha_response\" value=\"\" \/>\n<\/div>\n<div class=\"sh-cf7-body\"><table>\n\t<tr>\n\t\t<td>\n\t\t\t<p><label> Il tuo nome *<br \/>\n<span class=\"wpcf7-form-control-wrap\" data-name=\"your-name\"><input size=\"40\" maxlength=\"400\" class=\"wpcf7-form-control wpcf7-text wpcf7-validates-as-required\" aria-required=\"true\" aria-invalid=\"false\" value=\"\" type=\"text\" name=\"your-name\" \/><\/span> <\/label>\n\t\t\t<\/p>\n\t\t<\/td>\n\t\t<td>\n\t\t\t<p><label> Numero di telefono *<br \/>\n<span class=\"wpcf7-form-control-wrap\" data-name=\"tel-826\"><input size=\"40\" maxlength=\"400\" class=\"wpcf7-form-control wpcf7-tel wpcf7-validates-as-required wpcf7-text wpcf7-validates-as-tel\" aria-required=\"true\" aria-invalid=\"false\" value=\"\" type=\"tel\" name=\"tel-826\" \/><\/span> <\/label>\n\t\t\t<\/p>\n\t\t<\/td>\n\t<\/tr>\n\t<tr>\n\t\t<td colspan=\"2\">\n\t\t\t<p><label> e-mail *<br \/>\n<span class=\"wpcf7-form-control-wrap\" data-name=\"your-email\"><input size=\"40\" maxlength=\"400\" class=\"wpcf7-form-control wpcf7-email wpcf7-validates-as-required wpcf7-text wpcf7-validates-as-email\" aria-required=\"true\" aria-invalid=\"false\" value=\"\" type=\"email\" name=\"your-email\" \/><\/span> <\/label>\n\t\t\t<\/p>\n\t\t<\/td>\n\t<\/tr>\n\t<tr>\n\t\t<td colspan=\"2\">\n\t\t\t<p><label> Soggetto<br \/>\n<span class=\"wpcf7-form-control-wrap\" data-name=\"your-subject\"><input size=\"40\" maxlength=\"400\" class=\"wpcf7-form-control wpcf7-text\" aria-invalid=\"false\" value=\"\" type=\"text\" name=\"your-subject\" \/><\/span> <\/label>\n\t\t\t<\/p>\n\t\t<\/td>\n\t<\/tr>\n\t<tr>\n\t\t<td colspan=\"2\">\n\t\t\t<p><label> Il tuo messaggio<br \/>\n<span class=\"wpcf7-form-control-wrap\" data-name=\"your-message\"><textarea cols=\"40\" rows=\"10\" maxlength=\"2000\" class=\"wpcf7-form-control wpcf7-textarea\" aria-invalid=\"false\" name=\"your-message\"><\/textarea><\/span> <\/label>\n\t\t\t<\/p>\n\t\t<\/td>\n\t<\/tr>\n<\/table>\n<p><span class=\"wpcf7-form-control-wrap\" data-name=\"acceptance-288\"><span class=\"wpcf7-form-control wpcf7-acceptance\"><span class=\"wpcf7-list-item\"><label><input type=\"checkbox\" name=\"acceptance-288\" value=\"1\" aria-invalid=\"false\" \/><span class=\"wpcf7-list-item-label\">Accetto che le informazioni inserite in questo modulo verranno utilizzate per consentirmi di contattarti nuovamente come parte di questa richiesta di contatto.<\/span><\/label><\/span><\/span><\/span>\n<\/p>\n<p><input class=\"wpcf7-form-control wpcf7-submit has-spinner\" type=\"submit\" value=\"Mandare\" \/>\n<\/p><\/div><div class=\"wpcf7-response-output\" aria-hidden=\"true\"><\/div>\n<\/form>\n<\/div>\n[\/vc_column][vc_column width=&#8221;1\/2&#8243; overflow=&#8221;default&#8221; css=&#8221;.vc_custom_1571230884669{padding: 10% !important;}&#8221;][vc_column_text]<iframe loading=\"lazy\" style=\"border: 0;\" src=\"https:\/\/www.google.com\/maps\/embed?pb=!1m14!1m8!1m3!1d5827.210100228594!2d-0.053638!3d43.091798!3m2!1i1024!2i768!4f13.1!3m3!1m2!1s0x0%3A0x496a2ff42e7b5725!2sHotel%20Alliance%20Lourdes!5e0!3m2!1sfr!2sfr!4v1576846307152!5m2!1sfr!2sfr\" width=\"600\" height=\"450\" frameborder=\"0\" allowfullscreen=\"allowfullscreen\"><\/iframe>[\/vc_column_text][\/vc_column][\/vc_row][vc_row][vc_column][vc_text_separator title=&#8221;Per andare a lourdes&#8221; color=&#8221;custom&#8221; border_width=&#8221;2&#8243; accent_color=&#8221;#b65534&#8243; el_class=&#8221;subtitle&#8221;][vc_icon icon_fontawesome=&#8221;fa fa-car&#8221; color=&#8221;custom&#8221; background_style=&#8221;rounded-less&#8221; background_color=&#8221;custom&#8221; custom_color=&#8221;#ffffff&#8221; custom_background_color=&#8221;#b65534&#8243;][vc_column_text]<strong>Como venire a Lourdes<\/strong><\/p>\n<p>Lourdes \u00e8 una destinazione ben servita e la citt\u00e0 \u00e8 facilmente accessibile in auto o in pullman.<\/p>\n<p>Da Tarbes a Lourdes, prendere la Strada Statale n\u00b0 21 A Lourdes, prendere la direzione &#8220;Centro citt\u00e0&#8221; e &#8220;Grotta&#8221;. In funzione del senso della circolazione, prendere il Viale della Grotta (e quindi il Viale Remy Semp\u00e9) o la Via della Grotta (il senso di circolazione cambia ogni primo e sedici del mese).<\/p>\n<p>Da Pau a Lourdes, prendere l&#8217;autostrada A 64 verso Tarbes Da Tarbes a Lourdes, prendere la Strada Statale n\u00b0 21. A Lourdes, prendere la direzione &#8221; Centro citt\u00e0&#8221; e &#8220;Grotta&#8221;. In funzione del senso della circolazione, prendere il Viale della Grotta (e quindi il Viale Remy Semp\u00e9) o la Via della Grotta (il senso di circolazione cambia ogni primo e sedici del mese).<\/p>\n<p>Da\u00a0 Argel\u00e8s Gazost a Lourdes, prendere la Strada Statale n\u00b0 21. A Lourdes, prendere la direzione &#8220;Grotta&#8221;. In funzione del senso della circolazione, prendere il Viale della Grotta (e quindi il Viale Remy Semp\u00e9) o la Via della Grotta (il senso di circolazione cambia ogni primo e sedici del mese).[\/vc_column_text][vc_icon icon_fontawesome=&#8221;fa fa-plane&#8221; color=&#8221;custom&#8221; background_style=&#8221;rounded-less&#8221; background_color=&#8221;custom&#8221; custom_color=&#8221;#ffffff&#8221; custom_background_color=&#8221;#b65534&#8243;][vc_column_text]<\/p>\n<p id=\"tw-target-text\" class=\"tw-data-text tw-text-large tw-ta\" dir=\"ltr\" data-placeholder=\"Traduction\"><strong><span lang=\"it\" tabindex=\"0\">Vieni a Lourdes in aereo<\/span><\/strong><\/p>\n<p>Lourdes \u00e8 servita da 4 aeroporti :<\/p>\n<ul>\n<li>Aeroporto di Tarbes Lourdes Pyren\u00e9es : a 15 km &#8211; Taxi<\/li>\n<li>Aeroporto di Pau Pyren\u00e9es : a 40 km &#8211; Taxi<\/li>\n<li>Aeroporto di Tolosa Blagnac : a 180 km (per autostrada) &#8211; Taxi o treno per Lourdes<\/li>\n<li>Aeroporto di Biarritz : a 200 km (per autostrada) &#8211; Taxi<\/li>\n<\/ul>\n<p>Non esiste alcuna navetta che effettui regolarmente i collegamenti tra gli aeroporti e Lourdes<\/p>\n<p>All&#8217;Aeroporto di Tarbes Lourdes Pyren\u00e9es, 3 voli regolari assicurano ogni settimana il collegamento con l&#8217;aeroporto di Parigi Orly Ovest<\/p>\n<p>Dall&#8217;aeroporto di LOURDES (15 km)Un servizio di taxi \u00e8 in funzione 24 ore su 24 tra l&#8217;aeroporto e l&#8217;hotel. Tariffe : Circa 25 \u20ac durante il giorno e 30 \u20ac durante la notte e i week-end (in funzione del numero di bagagli).<\/p>\n<p>Dall&#8217;aeroporto di PAU (40 km)Un servizio di taxi \u00e8 in funzione 24 ore su 24 tra l&#8217;aeroporto e l&#8217;hotel. Tariffe : Circa 70 \u20ac durante il giorno e 95 \u20ac durante la notte e i week-end (in funzione del numero di bagagli).<\/p>\n<p>Per venire fino in hotel sono a vostra disposizione dei taxi che potete prenotare contattandoci.[\/vc_column_text][vc_icon icon_fontawesome=&#8221;fa fa-train&#8221; color=&#8221;custom&#8221; background_style=&#8221;rounded-less&#8221; background_color=&#8221;custom&#8221; custom_color=&#8221;#ffffff&#8221; custom_background_color=&#8221;#b65534&#8243;][vc_column_text]<\/p>\n<p style=\"text-align: left;\"><strong>Vieni a Lourdes in treno<\/strong><\/p>\n<p>Sono migliaia i pellegrini che scelgono il treno per venire a Lourdes, dei pellegrinaggi interi arrivano in stazione provenienti da numerose destinazioni.<\/p>\n<p>Il Treno a Grande Velocit\u00e0 (TGV) Parigi &#8211; Lourdes (durata del tragitto : 5 ore e mezza) assicura quattro collegamenti al giorno e propone anche due tragitti notturni. Esistono del collegamenti ferroviari diretti in partenza da Bordeaux \/ Toulouse \/ Montpellier \/ Marsiglia \/ Nizza \/ Lione \/ Ventimiglia \/ Ginevra \/ Irun.<\/p>\n<p>Una societ\u00e0 di pullman propone un servizio di navette dalla stazione di Lourdes fino alla Grotta (Porta San Giuseppe) Ogni 15 minuti\u00a0: CITY BUS (autobus blu) &#8211; Scegliere la linea 1 o 2 (dalla Domenica delle Palme fino al 31 ottobre). Prezzi : 1,20 \u20ac per persona (andata semplice)\u00a0 \/ 2,20 \u20ac per persona (andata e ritorno) Orari : dalle 7h00 alle 19h00 (fino alle 22h30 in luglio e agosto). Numero verde\u00a0: 0 800 100 329 Un servizio di taxi \u00e8 in funzione 24 ore su 24 tra la stazione e l&#8217;hotel. Tariffe : Circa 10 \u20ac durante il giornoe 12 \u20ac la notte (in funzione del numero di bagagli). Possiamo prenotare un taxi per voi.[\/vc_column_text][vc_icon icon_fontawesome=&#8221;fa fa-map-marker&#8221; color=&#8221;custom&#8221; background_style=&#8221;rounded-less&#8221; background_color=&#8221;custom&#8221; custom_color=&#8221;#ffffff&#8221; custom_background_color=&#8221;#b65534&#8243;][vc_column_text]<\/p>\n<p style=\"text-align: left;\"><strong>Dove parcheggiare?<\/strong><\/p>\n<p id=\"tw-target-text\" class=\"tw-data-text tw-text-large tw-ta\" dir=\"ltr\" data-placeholder=\"Traduction\"><span lang=\"it\"><strong>Parcheggio privato gratuito<\/strong> Hotel Alliance<\/span><\/p>\n<p><span lang=\"it\"><strong>Parcheggio custodito gratuito<\/strong>\u00a0nei pressi dei Santuari entro 5 minuti dall&#8217;hotel Angelico: Esplanade du Paradis ;\u00a0<strong>Premete<\/strong>\u00a0<strong>qui<\/strong><b>\u00a0<\/b><strong><a href=\"https:\/\/www.google.fr\/maps\/place\/Espl.+du+Paradis,+65100+Lourdes\/@43.0904439,-0.0541325,17z\/data=!3m1!4b1!4m2!3m1!1s0xd57d698e54fed1d:0x343e35223a194cdd\" target=\"_blank\" rel=\"noopener noreferrer\">Location map<\/a>;<\/strong><\/span><\/p>\n<p><span lang=\"it\"><strong>Parcheggio coperto a pagamento<\/strong>\u00a0: Parcheggio comunale Peyramale &#8211; Luogo Peyramale ( Centro Citt\u00e0) ;<strong>Premete aqui\u00a0<a href=\"https:\/\/www.google.fr\/maps\/place\/Vinci+Park+Services\/@43.0961707,-0.0465446,17z\/data=!3m1!4b1!4m2!3m1!1s0xd57d6994dddc7fd:0xc962343429c780ae\" target=\"_blank\" rel=\"noopener noreferrer\">Location map<\/a><\/strong><\/span><\/p>\n<p><span lang=\"it\"><strong>Parcheggio comunale<\/strong>\u00a0Merlasse &#8211; \u00a0Avenue\u00a0Schoepfer ( nei pressi del Santuario di Lourdes )<strong>Premete qui<\/strong>\u00a0<strong><a href=\"https:\/\/www.google.fr\/maps\/place\/Parking+Merlasse\/@43.095962,-0.0553673,17z\/data=!3m1!4b1!4m2!3m1!1s0xd57d69ff2ba40c7:0x34da086fd63015ea\" target=\"_blank\" rel=\"noopener noreferrer\">Location map<\/a><\/strong><\/span><\/p>\n<p><span lang=\"it\"><strong>Parcheggio a pagamento<\/strong>\u00a0, nei pressi dei santuari : Parcheggio Boissarie , Rue du Docteur Boissarie , Quai St John , S. Maria di Piazza Merlasse Rue des Carri\u00e8res Peyramale , Avenue du Paradis , Parcheggio Esplanade du Paradis , De Uguaglianza , Viale R\u00e9mi Semp\u00e9 , Viale Mons Th\u00e9as<\/span>[\/vc_column_text][vc_icon icon_fontawesome=&#8221;fa fa-random&#8221; color=&#8221;custom&#8221; background_style=&#8221;rounded-less&#8221; background_color=&#8221;custom&#8221; custom_color=&#8221;#ffffff&#8221; custom_background_color=&#8221;#b65534&#8243;][vc_column_text]<strong>Circulare a Lourdes<\/strong><\/p>\n<p style=\"text-align: left;\">Due percorsi\u00a0 di accesso principali per i Santuari sono delle strade a senso unico in cui la direzione di marcia cambia ogni 15 giorni.Dal centro citt\u00e0, dal 1\u00b0<sup>r<\/sup>\u00a0al 15 di ogni mese, si dovr\u00e0 prendere la Strada della Grotta.Al contrario, dal 16 al 30\/31 di ogni mese, si dovr\u00e0 prendere il Viale della Grotta e quindi il Viale Remy Semp\u00e9 per arrivare alla Porta San Giuseppe (salvo modifiche per lavori o altri motivi).Prima del vostro arrivo, informatevi presso il vostro albergo sul senso di circolazione praticato il giorno del vostro arrivo.<\/p>\n<p>I Santuari sono molto vicini ai diversi Hotel Angelic e si possono quindi effettuare le\u00a0visite principali a piedi. Il centro citt\u00e0 \u00e8 anch&#8217;esso facilmente accessibile con una passeggiata di 10 minuti all&#8217;incirca.<\/p>\n<p>Elle navette di autobus sono disponibili a partire dalla stazione (City Bus) fino alla Grotta (entrata San Giuseppe). Ogni 15 minuti : CITY BUS (autobus blu) &#8211; La linea 1 o 2 effettua il percorso Grotta &#8211; Hotel &#8211; Stazione (da Pasqua a ottobre) Prezzi : 1,20 \u20ac per persona (andata semplice)\u00a0 \/ 2,20 \u20ac per persona (andata e ritorno) Orari : dalle 7h00 alle 19h00 (fino alle 22h30 in luglio e agosto) Le trenino turistico Tutti i giorni, di da Pasqua a ottobre, partenze ogni 20 minuti, dalle 9h00 alle 11h30 e dalle 13h30 alle 18h15. In notturna, a partire dalle 20h00, da maggio a fine settembre. Stazione di partenza situata in Piazza Monsignore Laurence.\u00a0 Una passeggiata di 45 minuti per scoprire Citt\u00e0 Mariana che incanter\u00e0 piccoli e grandi.[\/vc_column_text][vc_icon icon_fontawesome=&#8221;fa fa-comments-o&#8221; color=&#8221;custom&#8221; background_style=&#8221;rounded-less&#8221; background_color=&#8221;custom&#8221; custom_color=&#8221;#ffffff&#8221; custom_background_color=&#8221;#b65534&#8243;][vc_column_text]<strong>PER AFFITTARE UN AUTO<\/strong><\/p>\n<p style=\"text-align: left;\"><a title=\"AVIS\" href=\"https:\/\/www.avis.fr\/services-avis\/location-voiture\/europe\/france\/lourdes\/gare-de-lourdes\" target=\"_blank\" rel=\"noopener noreferrer\">www.avis.fr<\/a> Tel\/Ph +33 (0)5 62 34 26 76<br \/>\n<a href=\"https:\/\/www.europcar.it\/it-it\/stazioni\/francia\/lourdes-stazione-ferroviaria?_ga=2.65043822.1795882811.1586599301-460544990.1586599301&amp;_gac=1.50471515.1586599550.CjwKCAjw1cX0BRBmEiwAy9tKHkIEHLyITj-eIAziogj-H6FevZLtEXRlEF_1J3SByqK9XGVHEFHw7RoCspgQAvD_BwE\" target=\"_blank\" rel=\"noopener noreferrer\">www.europcar.fr &#8211;<\/a>\u00a0Tel\/Ph +33 (0)5 62 51 20 21<br \/>\n<a href=\"https:\/\/www.hertz.fr\/p\/location-de-voiture\/france\/tarbes\/lourdes-tarbes-airport\" target=\"_blank\" rel=\"noopener noreferrer\">www.hertz.fr\u00a0<\/a>&#8211; Tel\/Ph +33 (0)5 62 93 14 99<\/p>\n<p>[\/vc_column_text][\/vc_column][\/vc_row]<\/p>\n<\/div>","protected":false},"excerpt":{"rendered":"<p>[vc_row full_width=&#8221;stretch_row_content_no_spaces&#8221; overflow=&#8221;default&#8221; css=&#8221;.vc_custom_1733756493171{padding-top: 175px !important;padding-bottom: 50px !important;background-image: url(https:\/\/www.hotel-alliance-lourdes.com\/wp-content\/uploads\/2019\/10\/Background-provisoir.jpg?id=294) !important;background-position: center !important;background-repeat: no-repeat !important;background-size: cover !important;}&#8221;][vc_column][vc_text_separator title=&#8221;Situazione &amp; Contatti&#8221; color=&#8221;white&#8221; border_width=&#8221;2&#8243; el_width=&#8221;50&#8243; el_class=&#8221;title&#8221;][\/vc_column][\/vc_row][vc_row full_width=&#8221;stretch_row_content&#8221; equal_height=&#8221;yes&#8221; content_placement=&#8221;top&#8221; overflow=&#8221;default&#8221;][vc_column width=&#8221;1\/2&#8243; overflow=&#8221;default&#8221; css=&#8221;.vc_custom_1571230840477{padding: 10% !important;}&#8221;][vc_text_separator title=&#8221;Contact&#8221; title_align=&#8221;separator_align_left&#8221; align=&#8221;align_left&#8221; color=&#8221;custom&#8221; border_width=&#8221;2&#8243; accent_color=&#8221;#b65534&#8243; el_class=&#8221;subtitle&#8221;][vc_column_text] Alliance Hotel Indirizzo : 9 Rue&#8230;<\/p>\n","protected":false},"author":1,"featured_media":0,"parent":0,"menu_order":0,"comment_status":"closed","ping_status":"closed","template":"","meta":{"footnotes":""},"class_list":["post-483","page","type-page","status-publish","hentry"],"_links":{"self":[{"href":"https:\/\/www.hotel-alliance-lourdes.com\/it\/wp-json\/wp\/v2\/pages\/483","targetHints":{"allow":["GET"]}}],"collection":[{"href":"https:\/\/www.hotel-alliance-lourdes.com\/it\/wp-json\/wp\/v2\/pages"}],"about":[{"href":"https:\/\/www.hotel-alliance-lourdes.com\/it\/wp-json\/wp\/v2\/types\/page"}],"author":[{"embeddable":true,"href":"https:\/\/www.hotel-alliance-lourdes.com\/it\/wp-json\/wp\/v2\/users\/1"}],"replies":[{"embeddable":true,"href":"https:\/\/www.hotel-alliance-lourdes.com\/it\/wp-json\/wp\/v2\/comments?post=483"}],"version-history":[{"count":14,"href":"https:\/\/www.hotel-alliance-lourdes.com\/it\/wp-json\/wp\/v2\/pages\/483\/revisions"}],"predecessor-version":[{"id":1455,"href":"https:\/\/www.hotel-alliance-lourdes.com\/it\/wp-json\/wp\/v2\/pages\/483\/revisions\/1455"}],"wp:attachment":[{"href":"https:\/\/www.hotel-alliance-lourdes.com\/it\/wp-json\/wp\/v2\/media?parent=483"}],"curies":[{"name":"wp","href":"https:\/\/api.w.org\/{rel}","templated":true}]}}