{"id":452,"date":"2019-11-07T11:35:29","date_gmt":"2019-11-07T10:35:29","guid":{"rendered":"http:\/\/angelic.novae.website\/?page_id=452"},"modified":"2024-12-09T16:00:59","modified_gmt":"2024-12-09T15:00:59","slug":"visita-lourdes","status":"publish","type":"page","link":"https:\/\/www.hotel-alliance-lourdes.com\/es\/visita-lourdes\/","title":{"rendered":"Visita Lourdes"},"content":{"rendered":"<div class=\"wpb-content-wrapper\"><p>[vc_row full_width=\u00bbstretch_row_content_no_spaces\u00bb overflow=\u00bbdefault\u00bb css=\u00bb.vc_custom_1733756457861{padding-top: 175px !important;padding-bottom: 50px !important;background-image: url(https:\/\/www.hotel-alliance-lourdes.com\/wp-content\/uploads\/2019\/10\/Background-provisoir.jpg?id=295) !important;background-position: center !important;background-repeat: no-repeat !important;background-size: cover !important;}\u00bb][vc_column][vc_text_separator title=\u00bbVisita Lourdes\u00bb color=\u00bbwhite\u00bb border_width=\u00bb2&#8243; el_width=\u00bb50&#8243; el_class=\u00bbtitle\u00bb][\/vc_column][\/vc_row][vc_row full_width=\u00bbstretch_row_content\u00bb equal_height=\u00bbyes\u00bb content_placement=\u00bbmiddle\u00bb overflow=\u00bbdefault\u00bb el_id=\u00bbsanctuaire\u00bb][vc_column width=\u00bb1\/2&#8243; overflow=\u00bbdefault\u00bb css=\u00bb.vc_custom_1571223240232{padding: 10% !important;}\u00bb][vc_text_separator title=\u00bbEL SANTUARIO DE NUESTRA SENORA DE LOURDES\u00bb title_align=\u00bbseparator_align_left\u00bb align=\u00bbalign_left\u00bb color=\u00bbcustom\u00bb border_width=\u00bb2&#8243; accent_color=\u00bb#b65534&#8243; el_class=\u00bbsubtitle\u00bb][vc_column_text]El Santuarios de Nuestra Se\u00f1ora de Lourdes <strong>est\u00e1 abierto todo el a\u00f1o, las 24 horas del d\u00eda<\/strong>. El acceso es gratuito<br \/>\nLa <strong>Gruta de Massabielle<\/strong> est\u00e1 delimitada al norte y al este por el r\u00edo Gave de Pau, y dominada al sur por la roca de Massabielle.<br \/>\nCon una profundidad de 9.50 m en el lugar en el que la Virgen <strong>se apareci\u00f3 en<\/strong> <strong>1858 a Bernadette Soubirous<\/strong>, jovencita natural de Lourdes, a los 14 a\u00f1os.<br \/>\nAl fondo a la izquierda de la Gruta est\u00e1 la Fuente que fue descubierta por Bernadette gracias a las indicaciones de la Virgen.<br \/>\n<strong>El agua de la Fuente<\/strong> est\u00e1 encauzada y alimenta las fuentes, las piscinas y el camino del agua.<br \/>\nLugar primordial <strong>de los Santuarios,<\/strong> la visitan cada a\u00f1o alrededor de<strong> 6 millones de personas.<\/strong>[\/vc_column_text][vc_column_text]<strong>Direccion :<\/strong> 1 Avenue Mgr Th\u00e9as, 65108 Lourdes<br \/>\n<strong>Tel\u00e9fono :<\/strong> 05 62 42 78 78<br \/>\n<strong>Web Site :<\/strong> <a href=\"https:\/\/www.lourdes-france.org\/es\/\" target=\"_blank\" rel=\"noopener noreferrer\">https:\/\/www.lourdes-france.org\/es<\/a>[\/vc_column_text][\/vc_column][vc_column width=\u00bb1\/2&#8243; overflow=\u00bbdefault\u00bb css=\u00bb.vc_custom_1571223307095{padding: 10% !important;}\u00bb][vc_video link=\u00bbhttps:\/\/www.youtube.com\/watch?v=hiA7Ky7hcwA\u00bb el_width=\u00bb90&#8243;][vc_gallery type=\u00bbimage_grid\u00bb images=\u00bb59,136,137&#8243; img_size=\u00bb200&#215;200&#8243;][\/vc_column][\/vc_row][vc_row full_width=\u00bbstretch_row_content\u00bb equal_height=\u00bbyes\u00bb content_placement=\u00bbmiddle\u00bb overflow=\u00bbdefault\u00bb css=\u00bb.vc_custom_1571230453811{background-color: #efefef !important;}\u00bb el_id=\u00bbtrain\u00bb][vc_column width=\u00bb1\/2&#8243; overflow=\u00bbdefault\u00bb css=\u00bb.vc_custom_1571223240232{padding: 10% !important;}\u00bb][vc_text_separator title=\u00bbPETIT TRAIN DE LOURDES\u00bb title_align=\u00bbseparator_align_left\u00bb align=\u00bbalign_left\u00bb color=\u00bbcustom\u00bb border_width=\u00bb2&#8243; accent_color=\u00bb#b65534&#8243; el_class=\u00bbsubtitle\u00bb][vc_column_text]<strong>En 45 minutos<\/strong> con el Petit Train (trenecito tur\u00edstico) de Lourdes podr\u00e1 realizar un circuito de 7,5 kil\u00f3metros por la parte vieja, la parte alta de la ciudad y sus monumentos.<br \/>\nEn este recorrido tendr\u00e1 la posibilidad de visitar diferentes lugares tur\u00edsticos con tarifas reducidas gracias al pase <strong>\u00abVisa pour Lourdes\u00bb<\/strong>[\/vc_column_text][vc_column_text]<strong>Direccion :<\/strong> Place Monseigneur Laurence, 65108 Lourdes<br \/>\n<strong>T\u00e9lefono :<\/strong> 05 62 97 42 46<br \/>\n<strong>Web Site :<\/strong> <a href=\"https:\/\/es.lourdes-infotourisme.com\/web\/ES\/646-el-petit-train.php\" target=\"_blank\" rel=\"noopener noreferrer\">https:\/\/es.lourdes-infotourisme.com\/web\/ES<\/a>[\/vc_column_text][\/vc_column][vc_column width=\u00bb1\/2&#8243; overflow=\u00bbdefault\u00bb css=\u00bb.vc_custom_1571223307095{padding: 10% !important;}\u00bb][vc_video link=\u00bbhttps:\/\/www.youtube.com\/watch?time_continue=1&amp;v=pDxv2dgBJiM\u00bb el_width=\u00bb90&#8243;][vc_gallery type=\u00bbimage_grid\u00bb images=\u00bb146,147,148&#8243; img_size=\u00bb200&#215;200&#8243;][\/vc_column][\/vc_row][vc_row full_width=\u00bbstretch_row_content\u00bb equal_height=\u00bbyes\u00bb content_placement=\u00bbmiddle\u00bb overflow=\u00bbdefault\u00bb el_id=\u00bbjer\u00bb][vc_column width=\u00bb1\/2&#8243; overflow=\u00bbdefault\u00bb css=\u00bb.vc_custom_1571223240232{padding: 10% !important;}\u00bb][vc_text_separator title=\u00bbFUNICULAIRE DU PIC DU JER\u00bb title_align=\u00bbseparator_align_left\u00bb align=\u00bbalign_left\u00bb color=\u00bbcustom\u00bb border_width=\u00bb2&#8243; accent_color=\u00bb#b65534&#8243; el_class=\u00bbsubtitle\u00bb][vc_column_text]<strong>El panorama m\u00e1s bello de los Pirineos<\/strong> desde Lourdes. El Pico del Jer, que domina la ciudad, se reconoce por su gran cruz iluminada de noche.<br \/>\nPuede acceder a \u00e9l con un funicular centenario que le lleva hasta la cima <strong>a 1000 metros de altitud<\/strong> en unos minutos; recorrido con encanto&#8230;<br \/>\nEn la cima encontrar\u00e1 un sendero de paseo que le llevar\u00e1 hasta el observatorio; all\u00ed descubrir\u00e1 un mirador \u00fanico que le ofrece una <strong>vista de 360\u00b0 sobre Lourdes, Tarbes, Pau, el valle de Argel\u00e8s Gazost y las cimas pirenaicas.<\/strong>[\/vc_column_text][vc_column_text]<strong>Direccion :<\/strong> 59 avenue Francis Lagard\u00e8re, 65108 Lourdes<br \/>\n<strong>Tel\u00e9fono :<\/strong> 05 62 94 00 41<br \/>\n<strong>Web Site :<\/strong> <a href=\"https:\/\/es.lourdes-infotourisme.com\/web\/ES\/2474-visita-del-pic-du-jer.php\" target=\"_blank\" rel=\"noopener noreferrer\">https:\/\/es.lourdes-infotourisme.com\/web\/ES<\/a>[\/vc_column_text][\/vc_column][vc_column width=\u00bb1\/2&#8243; overflow=\u00bbdefault\u00bb css=\u00bb.vc_custom_1571223307095{padding: 10% !important;}\u00bb][vc_video link=\u00bbhttps:\/\/www.youtube.com\/watch?v=zJ4jtXLiqtk\u00bb el_width=\u00bb90&#8243;][vc_gallery type=\u00bbimage_grid\u00bb images=\u00bb150,151,152&#8243; img_size=\u00bb200&#215;200&#8243;][\/vc_column][\/vc_row][vc_row full_width=\u00bbstretch_row_content\u00bb equal_height=\u00bbyes\u00bb content_placement=\u00bbmiddle\u00bb overflow=\u00bbdefault\u00bb css=\u00bb.vc_custom_1571230469275{background-color: #efefef !important;}\u00bb el_id=\u00bbchateau\u00bb][vc_column width=\u00bb1\/2&#8243; overflow=\u00bbdefault\u00bb css=\u00bb.vc_custom_1571223240232{padding: 10% !important;}\u00bb][vc_text_separator title=\u00bbCH\u00c2TEAU FORT DE LOURDES\u00bb title_align=\u00bbseparator_align_left\u00bb align=\u00bbalign_left\u00bb color=\u00bbcustom\u00bb border_width=\u00bb2&#8243; accent_color=\u00bb#b65534&#8243; el_class=\u00bbsubtitle\u00bb][vc_column_text]<strong>Esta fortaleza milenaria<\/strong>, que nunca fue derrotada, est\u00e1 clasificada como <strong>monumento hist\u00f3rico y museo de Francia<\/strong>. Este lugar ofrece un panorama excepcional <strong>de la ciudad, de los Santuarios y de los Pirineos<\/strong>. Tras los muros se encuentra tambi\u00e9n un jard\u00edn bot\u00e1nico al pie del torre\u00f3n del siglo XIV y el Museo Pirenaico.<br \/>\nVisite las colecciones m\u00e1s importantes sobre la historia de los Pirineos franceses y espa\u00f1oles: <strong>lozas y mobiliario del siglo XVIII, caba\u00f1a de pastores, trajes tradicionales, miniaturas, pirine\u00edsmo.<\/strong>..[\/vc_column_text][vc_column_text]<strong>Direccion :<\/strong> 25 rue du Fort, 65108 Lourdes<br \/>\n<strong>Tel\u00e9fono :<\/strong> 05 62 42 37 37<br \/>\n<strong>Web Site :<\/strong> <a href=\"https:\/\/es.lourdes-infotourisme.com\/web\/ES\/635-chateau-fort-de-lourdes.php\" target=\"_blank\" rel=\"noopener noreferrer\">https:\/\/es.lourdes-infotourisme.com\/web<\/a>[\/vc_column_text][\/vc_column][vc_column width=\u00bb1\/2&#8243; overflow=\u00bbdefault\u00bb css=\u00bb.vc_custom_1571223307095{padding: 10% !important;}\u00bb][vc_video link=\u00bbhttps:\/\/www.youtube.com\/watch?v=xxx-nvcq2Uc\u00bb el_width=\u00bb90&#8243;][vc_gallery type=\u00bbimage_grid\u00bb images=\u00bb155,156,157&#8243; img_size=\u00bb200&#215;200&#8243;][\/vc_column][\/vc_row][vc_row full_width=\u00bbstretch_row_content\u00bb equal_height=\u00bbyes\u00bb content_placement=\u00bbmiddle\u00bb overflow=\u00bbdefault\u00bb el_id=\u00bbmusee\u00bb][vc_column width=\u00bb1\/2&#8243; overflow=\u00bbdefault\u00bb css=\u00bb.vc_custom_1571223240232{padding: 10% !important;}\u00bb][vc_text_separator title=\u00bbMUSEE DE CIRE DE LOURDES\u00bb title_align=\u00bbseparator_align_left\u00bb align=\u00bbalign_left\u00bb color=\u00bbcustom\u00bb border_width=\u00bb2&#8243; accent_color=\u00bb#b65534&#8243; el_class=\u00bbsubtitle\u00bb][vc_column_text]Con m\u00e1s de 2.000.000 de visitantes desde su inauguraci\u00f3n, el museo \u00abde cera\u00bb de Lourdes se sit\u00faa en primera fila en lo que respecta a atracciones tur\u00edsticas de la ciudad.<br \/>\nPodr\u00e1 contemplar <strong>18 escenas y m\u00e1s de 100 personajes reproducidos<\/strong> en cera a escala natural, creados por los especialistas del prestigioso museo Gr\u00e9vin de Paris.<br \/>\nEscena tras escena, revivir\u00e1 <strong>la apasionante historia de Cristo<\/strong>, as\u00ed como la vida de Bernadette.<br \/>\n\u00a1Una historia que quedar\u00e1 grabada en su memoria! \u00a1Porque la habr\u00e1 visto \u00abcomo si estuviera all\u00ed![\/vc_column_text][vc_column_text]<strong>Direccion :<\/strong> 87 rue de la Grotte, 65108 Lourdes<br \/>\n<strong>Tel\u00e9fono :<\/strong> 05 62 94 33 74<br \/>\n<strong>Web Site :<\/strong><a href=\"https:\/\/es.lourdes-infotourisme.com\/web\/ES\/661-musee-de-cire.php\" target=\"_blank\" rel=\"noopener noreferrer\">https:\/\/es.lourdes-infotourisme.com\/web\/ES<\/a>[\/vc_column_text][\/vc_column][vc_column width=\u00bb1\/2&#8243; overflow=\u00bbdefault\u00bb css=\u00bb.vc_custom_1571223307095{padding: 10% !important;}\u00bb][vc_video link=\u00bbhttps:\/\/www.youtube.com\/watch?v=vCSeMhPVluE\u00bb el_width=\u00bb90&#8243;][vc_gallery type=\u00bbimage_grid\u00bb images=\u00bb159,160,229&#8243; img_size=\u00bb200&#215;200&#8243;][\/vc_column][\/vc_row][vc_row full_width=\u00bbstretch_row_content\u00bb equal_height=\u00bbyes\u00bb content_placement=\u00bbmiddle\u00bb overflow=\u00bbdefault\u00bb css=\u00bb.vc_custom_1571230479576{background-color: #efefef !important;}\u00bb el_id=\u00bblac\u00bb][vc_column width=\u00bb1\/2&#8243; overflow=\u00bbdefault\u00bb css=\u00bb.vc_custom_1571223240232{padding: 10% !important;}\u00bb][vc_text_separator title=\u00bbLAC DE LOURDES\u00bb title_align=\u00bbseparator_align_left\u00bb align=\u00bbalign_left\u00bb color=\u00bbcustom\u00bb border_width=\u00bb2&#8243; accent_color=\u00bb#b65534&#8243; el_class=\u00bbsubtitle\u00bb][vc_column_text]Lago glaciar a 3 km del centro de la ciudad (direcci\u00f3n a Pau por Soumoulou). Podr\u00e1 practicar <strong>la marcha a pie, la BTT, la pesca y el golf<\/strong>. En verano tambi\u00e9n se ofrecen paseos <strong>a caballo o en pony.<\/strong><\/p>\n<p id=\"tw-target-text\" class=\"tw-data-text tw-text-large tw-ta\" dir=\"ltr\" data-placeholder=\"Traduction\"><strong><span lang=\"es\" tabindex=\"0\">Para alquilar un pedalo<\/span> <\/strong>: Tel. 0033 (0)5 62 32 50 59<\/p>\n<p>[\/vc_column_text][vc_column_text]<strong>Direccion :<\/strong> Chemin du Lac, 65108 Lourdes<br \/>\n<strong>Tel\u00e9fono :<\/strong> 06 52 43 78 97<br \/>\n<strong>Web Site :<\/strong> <a href=\"https:\/\/es.lourdes-infotourisme.com\/web\/ES\/701-lac-de-lourdes.php\" target=\"_blank\" rel=\"noopener noreferrer\">https:\/\/es.lourdes-infotourisme.com\/web\/ES<\/a>[\/vc_column_text][\/vc_column][vc_column width=\u00bb1\/2&#8243; overflow=\u00bbdefault\u00bb css=\u00bb.vc_custom_1571223307095{padding: 10% !important;}\u00bb][vc_video link=\u00bbhttps:\/\/www.youtube.com\/watch?v=wMCvJOiA3R8&#8243; el_width=\u00bb90&#8243;][vc_gallery type=\u00bbimage_grid\u00bb images=\u00bb162,163,164&#8243; img_size=\u00bb200&#215;200&#8243;][\/vc_column][\/vc_row][vc_row full_width=\u00bbstretch_row_content_no_spaces\u00bb overflow=\u00bbdefault\u00bb css=\u00bb.vc_custom_1571225383742{padding-top: 100px !important;padding-bottom: 100px !important;background-image: url(http:\/\/angelic.novae.website\/wp-content\/uploads\/2019\/10\/r618704_9_cirque_gavarnie__p._meyer.jpg?id=168) !important;}\u00bb][vc_column][vc_text_separator title=\u00bbAround Lourdes\u00bb color=\u00bbwhite\u00bb border_width=\u00bb2&#8243; el_width=\u00bb50&#8243; el_class=\u00bbtitle\u00bb][\/vc_column][\/vc_row][vc_row full_width=\u00bbstretch_row_content\u00bb equal_height=\u00bbyes\u00bb content_placement=\u00bbmiddle\u00bb overflow=\u00bbdefault\u00bb el_id=\u00bbgrotte\u00bb][vc_column width=\u00bb1\/2&#8243; overflow=\u00bbdefault\u00bb css=\u00bb.vc_custom_1571223240232{padding: 10% !important;}\u00bb][vc_text_separator title=\u00bbGROTTE DE BETHARAM\u00bb title_align=\u00bbseparator_align_left\u00bb align=\u00bbalign_left\u00bb color=\u00bbcustom\u00bb border_width=\u00bb2&#8243; accent_color=\u00bb#b65534&#8243; el_class=\u00bbsubtitle\u00bb][vc_column_text]Las Grutas de B\u00e9tharram por la variedad de sus aspectos explican la <strong>clave de la formaci\u00f3n<\/strong> de casi <strong>todas las grutas muertas o en plena actividad.<\/strong><br \/>\nTienen <strong>cinco pisos superpuestos<\/strong>, como en una casa, cada piso se cre\u00f3 en \u00e9pocas diferentes..[\/vc_column_text][vc_column_text]<strong>Direccion :<\/strong> Chemin des Grottes, 65270 Saint-P\u00e9-de-Bigorre<br \/>\n<strong>Tel\u00e9fono :<\/strong> \u00a005 62 41 80 04<br \/>\n<strong>Web Site :<\/strong> <a href=\"http:\/\/www.betharram.com\/\" target=\"_blank\" rel=\"noopener noreferrer\">www.betharram.com<\/a>[\/vc_column_text][\/vc_column][vc_column width=\u00bb1\/2&#8243; overflow=\u00bbdefault\u00bb css=\u00bb.vc_custom_1571223307095{padding: 10% !important;}\u00bb][vc_video link=\u00bbhttps:\/\/www.youtube.com\/watch?v=Wx55wOwvVd4&#8243; el_width=\u00bb90&#8243;][vc_gallery type=\u00bbimage_grid\u00bb images=\u00bb172,171,173&#8243; img_size=\u00bb200&#215;200&#8243;][\/vc_column][\/vc_row][vc_row full_width=\u00bbstretch_row_content\u00bb equal_height=\u00bbyes\u00bb content_placement=\u00bbmiddle\u00bb overflow=\u00bbdefault\u00bb css=\u00bb.vc_custom_1571230491857{background-color: #efefef !important;}\u00bb el_id=\u00bbcirque\u00bb][vc_column width=\u00bb1\/2&#8243; overflow=\u00bbdefault\u00bb css=\u00bb.vc_custom_1571223240232{padding: 10% !important;}\u00bb][vc_text_separator title=\u00bbCIRQUE DE GAVARNIE\u00bb title_align=\u00bbseparator_align_left\u00bb align=\u00bbalign_left\u00bb color=\u00bbcustom\u00bb border_width=\u00bb2&#8243; accent_color=\u00bb#b65534&#8243; el_class=\u00bbsubtitle\u00bb][vc_column_text]<\/p>\n<p id=\"tw-target-text\" class=\"tw-data-text tw-text-large tw-ta\" dir=\"ltr\" data-placeholder=\"Traduction\"><span lang=\"es\" tabindex=\"0\">En primer lugar, imagina el paisaje; Est\u00e1s en el coraz\u00f3n del Parque Nacional de los Pirineos. All\u00ed, a horcajadas de la frontera franco-espa\u00f1ola, se encuentra el macizo de Mont-Perdu que se eleva a m\u00e1s de <strong>3.000 m de altitud.<\/strong> Al sur se encuentran <strong>los extraordinarios ca\u00f1ones de Ordesa, Aniscle y Pineta<\/strong>. Al norte, la tierra de <strong>los circos con los majestuosos Gavarnie y Troumouse, el m\u00e1s grande de todos, y Estaube, el m\u00e1s salvaje<\/strong>. Gavarnie ha sido durante mucho tiempo una fuente de asombro. Su reputaci\u00f3n proviene de las diversas exploraciones que ha inspirado. Los bot\u00e1nicos, cient\u00edficos, rom\u00e1nticos, pintores, poetas y monta\u00f1eros en busca de haza\u00f1as o sensaciones han convertido, desde el siglo XVI, a Gavarnie en la cuna de lo que se conoce como \u00abpirineismo\u00bb. El circo se convirti\u00f3 en leyenda cuando V\u00edctor Hugo, en su ilustre poema \u00abDieu\u00bb, lo describi\u00f3 como un \u00abobjeto imposible y extraordinario\u00bb, un <strong>\u00abcoliseo de la naturaleza\u00bb.<\/strong><\/span><\/p>\n<p>[\/vc_column_text][vc_column_text]<strong>Direccion : <\/strong>Village de Gavarnie<br \/>\n<strong>Tel\u00e9fono : <\/strong>Tourism office<strong> :<\/strong> 05 62 92 49 10<br \/>\n<strong>Web Site : <\/strong><a href=\"https:\/\/es.lourdes-infotourisme.com\/web\/ES\/637-circo-de-gavarnie.php\" target=\"_blank\" rel=\"noopener noreferrer\">https:\/\/es.lourdes-infotourisme.com\/web\/ES<\/a>[\/vc_column_text][\/vc_column][vc_column width=\u00bb1\/2&#8243; overflow=\u00bbdefault\u00bb css=\u00bb.vc_custom_1571223307095{padding: 10% !important;}\u00bb][vc_video link=\u00bbhttps:\/\/www.youtube.com\/watch?v=wpZyOAG3ChE\u00bb el_width=\u00bb90&#8243;][vc_gallery type=\u00bbimage_grid\u00bb images=\u00bb168,167,166&#8243; img_size=\u00bb200&#215;200&#8243;][\/vc_column][\/vc_row][vc_row full_width=\u00bbstretch_row_content\u00bb equal_height=\u00bbyes\u00bb content_placement=\u00bbmiddle\u00bb overflow=\u00bbdefault\u00bb el_id=\u00bbpont\u00bb][vc_column width=\u00bb1\/2&#8243; overflow=\u00bbdefault\u00bb css=\u00bb.vc_custom_1571223240232{padding: 10% !important;}\u00bb][vc_text_separator title=\u00bbPont d&#8217;Espagne\u00bb title_align=\u00bbseparator_align_left\u00bb align=\u00bbalign_left\u00bb color=\u00bbcustom\u00bb border_width=\u00bb2&#8243; accent_color=\u00bb#b65534&#8243; el_class=\u00bbsubtitle\u00bb][vc_column_text]<\/p>\n<p id=\"tw-target-text\" class=\"tw-data-text tw-text-large tw-ta\" dir=\"ltr\" data-placeholder=\"Traduction\"><span lang=\"es\" tabindex=\"0\"><strong>Le Pont d&#8217;Espagne, con el lago Gaube<\/strong> m\u00e1s arriba, se encuentra entre los sitios m\u00e1s preciados del Parque Nacional de los Pirineos. En verano como en invierno, la meditaci\u00f3n, el senderismo y el senderismo, <strong>el esqu\u00ed de fondo, el raquetas de nieve o el trineo de trineo<\/strong> har\u00e1n las delicias de los j\u00f3venes. y viejos por igual. Para que sea accesible para todos, este sitio se dise\u00f1\u00f3 para respetar el medio ambiente: estacionamiento, recepci\u00f3n, transporte, albergues, etc.<\/span><\/p>\n<p class=\"tw-data-text tw-text-large tw-ta\" dir=\"ltr\" data-placeholder=\"Traduction\"><span lang=\"es\" tabindex=\"0\">Un camino marcado lo llevar\u00e1 a una pasarela, donde podr\u00e1 admirar el famoso <strong>Pont d&#8217;Espagne<\/strong>, arqueado sobre gargantas donde fluyen torrentes espumosos. Luego puede tomar <strong>el telesilla Gaube<\/strong> que lo llevar\u00e1 en silencio al lago.<\/span><\/p>\n<p class=\"tw-data-text tw-text-large tw-ta\" dir=\"ltr\" data-placeholder=\"Traduction\"><span lang=\"es\" tabindex=\"0\">Durante una corta caminata de 15 minutos por el nivel, ver\u00e1 que el lago aparece en todo <strong>el esplendor de sus aguas cristalina<\/strong>s. En su orilla se encuentra la antigua hoster\u00eda donde los viajeros se detuvieron en el siglo XIX. Celebrado por los rom\u00e1nticos franceses y por Victor Hugo, <strong>el lago Gaube est\u00e1 dominado por la impresionante silueta del Vignemale. Con 3.298 metros, es la cumbre m\u00e1s alta de los Pirineos franceses.<\/strong><\/span><\/p>\n<p>[\/vc_column_text][vc_column_text]<strong>Direccion : <\/strong>Pont d&#8217;Espagne, Puntas, 65110 Cauterets<br \/>\n<strong>Tel\u00e9fono : <\/strong>Tourism office <strong>:<\/strong> 05 62 92 50 50<br \/>\n<strong>Web Site :<\/strong> <a href=\"https:\/\/www.cauterets.com\/je-decouvre\/vallees-de-cauterets\/pont-despagne-ete\/\" target=\"_blank\" rel=\"noopener noreferrer\">www.cauterets.com<\/a>[\/vc_column_text][\/vc_column][vc_column width=\u00bb1\/2&#8243; overflow=\u00bbdefault\u00bb css=\u00bb.vc_custom_1571223307095{padding: 10% !important;}\u00bb][vc_video link=\u00bbhttps:\/\/www.youtube.com\/watch?v=mh7uYvYAqSc&amp;t=3s\u00bb el_width=\u00bb90&#8243;][vc_gallery type=\u00bbimage_grid\u00bb images=\u00bb177,176,178&#8243; img_size=\u00bb200&#215;200&#8243;][\/vc_column][\/vc_row]<\/p>\n<\/div>","protected":false},"excerpt":{"rendered":"<p>[vc_row full_width=\u00bbstretch_row_content_no_spaces\u00bb overflow=\u00bbdefault\u00bb css=\u00bb.vc_custom_1733756457861{padding-top: 175px !important;padding-bottom: 50px !important;background-image: url(https:\/\/www.hotel-alliance-lourdes.com\/wp-content\/uploads\/2019\/10\/Background-provisoir.jpg?id=295) !important;background-position: center !important;background-repeat: no-repeat !important;background-size: cover !important;}\u00bb][vc_column][vc_text_separator title=\u00bbVisita Lourdes\u00bb color=\u00bbwhite\u00bb border_width=\u00bb2&#8243; el_width=\u00bb50&#8243; el_class=\u00bbtitle\u00bb][\/vc_column][\/vc_row][vc_row full_width=\u00bbstretch_row_content\u00bb equal_height=\u00bbyes\u00bb content_placement=\u00bbmiddle\u00bb overflow=\u00bbdefault\u00bb el_id=\u00bbsanctuaire\u00bb][vc_column width=\u00bb1\/2&#8243; overflow=\u00bbdefault\u00bb css=\u00bb.vc_custom_1571223240232{padding: 10% !important;}\u00bb][vc_text_separator title=\u00bbEL SANTUARIO DE NUESTRA SENORA DE LOURDES\u00bb title_align=\u00bbseparator_align_left\u00bb align=\u00bbalign_left\u00bb color=\u00bbcustom\u00bb border_width=\u00bb2&#8243; accent_color=\u00bb#b65534&#8243; el_class=\u00bbsubtitle\u00bb][vc_column_text]El&#8230;<\/p>\n","protected":false},"author":1,"featured_media":0,"parent":0,"menu_order":0,"comment_status":"closed","ping_status":"closed","template":"","meta":{"footnotes":""},"class_list":["post-452","page","type-page","status-publish","hentry"],"_links":{"self":[{"href":"https:\/\/www.hotel-alliance-lourdes.com\/es\/wp-json\/wp\/v2\/pages\/452","targetHints":{"allow":["GET"]}}],"collection":[{"href":"https:\/\/www.hotel-alliance-lourdes.com\/es\/wp-json\/wp\/v2\/pages"}],"about":[{"href":"https:\/\/www.hotel-alliance-lourdes.com\/es\/wp-json\/wp\/v2\/types\/page"}],"author":[{"embeddable":true,"href":"https:\/\/www.hotel-alliance-lourdes.com\/es\/wp-json\/wp\/v2\/users\/1"}],"replies":[{"embeddable":true,"href":"https:\/\/www.hotel-alliance-lourdes.com\/es\/wp-json\/wp\/v2\/comments?post=452"}],"version-history":[{"count":23,"href":"https:\/\/www.hotel-alliance-lourdes.com\/es\/wp-json\/wp\/v2\/pages\/452\/revisions"}],"predecessor-version":[{"id":1453,"href":"https:\/\/www.hotel-alliance-lourdes.com\/es\/wp-json\/wp\/v2\/pages\/452\/revisions\/1453"}],"wp:attachment":[{"href":"https:\/\/www.hotel-alliance-lourdes.com\/es\/wp-json\/wp\/v2\/media?parent=452"}],"curies":[{"name":"wp","href":"https:\/\/api.w.org\/{rel}","templated":true}]}}