{"id":423,"date":"2019-11-07T11:06:39","date_gmt":"2019-11-07T10:06:39","guid":{"rendered":"http:\/\/angelic.novae.website\/?page_id=423"},"modified":"2025-01-05T19:38:12","modified_gmt":"2025-01-05T18:38:12","slug":"habitaciones","status":"publish","type":"page","link":"https:\/\/www.hotel-alliance-lourdes.com\/es\/habitaciones\/","title":{"rendered":"Habitaciones"},"content":{"rendered":"<div class=\"wpb-content-wrapper\"><p>[vc_row full_width=\u00bbstretch_row_content_no_spaces\u00bb overflow=\u00bbdefault\u00bb css=\u00bb.vc_custom_1733756198308{padding-top: 175px !important;padding-bottom: 50px !important;background-image: url(https:\/\/www.hotel-alliance-lourdes.com\/wp-content\/uploads\/2019\/10\/Background-provisoir.jpg?id=295) !important;background-position: center !important;background-repeat: no-repeat !important;background-size: cover !important;}\u00bb][vc_column][vc_text_separator title=\u00bbHabitaciones\u00bb color=\u00bbwhite\u00bb border_width=\u00bb2&#8243; el_width=\u00bb50&#8243; el_class=\u00bbtitle\u00bb][\/vc_column][\/vc_row][vc_row full_width=\u00bbstretch_row_content\u00bb equal_height=\u00bbyes\u00bb content_placement=\u00bbmiddle\u00bb overflow=\u00bbdefault\u00bb el_id=\u00bbsingle\u00bb][vc_column width=\u00bb1\/2&#8243; overflow=\u00bbdefault\u00bb css=\u00bb.vc_custom_1576836119121{padding-top: 7% !important;padding-right: 7% !important;padding-bottom: 7% !important;padding-left: 7% !important;background-color: #b65534 !important;}\u00bb][vc_gallery type=\u00bbflexslider_slide\u00bb interval=\u00bb3&#8243; images=\u00bb1347,733,1382&#8243; img_size=\u00bb707&#215;470&#8243;][\/vc_column][vc_column width=\u00bb1\/2&#8243; overflow=\u00bbdefault\u00bb css=\u00bb.vc_custom_1571133779166{padding-top: 7% !important;padding-right: 7% !important;padding-bottom: 7% !important;padding-left: 7% !important;}\u00bb][vc_text_separator title=\u00bbHabitacion individual\u00bb title_align=\u00bbseparator_align_left\u00bb align=\u00bbalign_left\u00bb color=\u00bbcustom\u00bb border_width=\u00bb2&#8243; accent_color=\u00bb#b65534&#8243; el_class=\u00bbsubtitle\u00bb][vc_column_text]Las habitaciones incluyen ba\u00f1o privado y TV v\u00eda sat\u00e9lite. Todas son accesibles en ascensor.<\/p>\n<p><strong>Equipamiento de la habitaci\u00f3n:<\/strong>\u00a0Escritorio, Calefacci\u00f3n, Insonorizaci\u00f3n, Suelo de madera\/parquet, Ducha, Ba\u00f1era, Secador de pelo, Art\u00edculos de aseo gratuitos, Aseo, Ba\u00f1o, Aseo adicional, TV, Tel\u00e9fono, Canales por cable, TV de pantalla plana, Servicio de despertador\/Reloj despertador<\/p>\n<p>Hay\u00a0<strong>WiFi gratis<\/strong>\u00a0en todas las habitaciones.<\/p>\n<p><strong>Superficie de la habitaci\u00f3n<\/strong>: 15 m\u00b2<\/p>\n<p><strong>Tipo de cama: 1 cama individual<\/strong>[\/vc_column_text][vc_raw_html]JTNDZGl2JTIwaWQlM0QlMjJidG4tcmVzJTIyJTNFJTBBJTNDYSUyMG9uY2xpY2slM0QlMjJyZXNlcnZlckNoYW1icmVTJTI4JTI5JTNCJTIyJTIwY2xhc3MlM0QlMjJsaW5rLXJlcyUyMiUzRVJlc2VydmFyJTIwdW5hJTIwaGFiaXRhY2lvbmVzJTNDJTJGYSUzRSUwQSUzQyUyRmRpdiUzRSUwQSUzQ3NjcmlwdCUyMHR5cGUlM0QlMjJ0ZXh0JTJGamF2YXNjcmlwdCUyMiUzRSUwQWZ1bmN0aW9uJTIwcmVzZXJ2ZXJDaGFtYnJlUyUyOCUyOSU3QiUwQWRvY3VtZW50LmdldEVsZW1lbnRCeUlkJTI4JTIyYm9va2luZy1lbmdpbmVBbHQlMjIlMjkuc3R5bGUuYm90dG9tJTIwJTNEJTIwJTIyMHB4JTIyJTNCJTBBZG9jdW1lbnQuZ2V0RWxlbWVudEJ5SWQlMjglMjJib29raW5nLWVuZ2luZUFsdCUyMiUyOS5zdHlsZS52aXNpYmlsaXR5JTIwJTNEJTIwJTIydmlzaWJsZSUyMiUzQiUwQWRvY3VtZW50LmdldEVsZW1lbnRCeUlkJTI4JTIyY2FsQWx0JTIyJTI5LnN0eWxlLm9wYWNpdHklMjAlM0QlMjAlMjIwJTIyJTNCJTBBZG9jdW1lbnQuZ2V0RWxlbWVudEJ5SWQlMjglMjJjYWxBbHQlMjIlMjkuc3R5bGUuYm90dG9tJTIwJTNEJTIwJTIyLTIwMHB4JTIyJTNCJTBBJTdEJTBBJTNDJTJGc2NyaXB0JTNF[\/vc_raw_html][\/vc_column][\/vc_row][vc_row full_width=\u00bbstretch_row_content\u00bb equal_height=\u00bbyes\u00bb content_placement=\u00bbmiddle\u00bb overflow=\u00bbdefault\u00bb el_id=\u00bbdouble\u00bb][vc_column width=\u00bb1\/2&#8243; overflow=\u00bbdefault\u00bb css=\u00bb.vc_custom_1571133779166{padding-top: 7% !important;padding-right: 7% !important;padding-bottom: 7% !important;padding-left: 7% !important;}\u00bb][vc_text_separator title=\u00bbHabitacion dobl\u00e9 1 o 2 camas\u00bb title_align=\u00bbseparator_align_left\u00bb align=\u00bbalign_left\u00bb color=\u00bbcustom\u00bb border_width=\u00bb2&#8243; accent_color=\u00bb#b65534&#8243; el_class=\u00bbsubtitle\u00bb][vc_column_text]Las habitaciones incluyen ba\u00f1o privado y TV v\u00eda sat\u00e9lite. Todas son accesibles en ascensor.<\/p>\n<p><strong>Equipamiento de la habitaci\u00f3n<\/strong>: Escritorio, Calefacci\u00f3n, Insonorizaci\u00f3n, Suelo de madera\/parquet, Ducha, Ba\u00f1era, Secador de pelo, Art\u00edculos de aseo gratuitos, Aseo, Ba\u00f1o, Aseo adicional, TV, Tel\u00e9fono, Canales por cable, TV de pantalla plana, Servicio de despertador\/Reloj despertador, Servicio de despertador<\/p>\n<p>Hay\u00a0<strong>WiFi gratis<\/strong>\u00a0en todas las habitaciones.<\/p>\n<p><strong>Superficie de\u00a0la habitaci\u00f3n:<\/strong>\u00a020 m\u00b2<\/p>\n<p><strong>Tipo de cama: 2 camas individuales o 1 cama doble<\/strong>[\/vc_column_text][vc_raw_html]JTNDZGl2JTIwaWQlM0QlMjJidG4tcmVzJTIyJTNFJTBBJTNDYSUyMG9uY2xpY2slM0QlMjJyZXNlcnZlckNoYW1icmVEJTI4JTI5JTNCJTIyJTIwY2xhc3MlM0QlMjJsaW5rLXJlcyUyMiUzRVJlc2VydmFyJTIwdW5hJTIwaGFiaXRhY2lvbiUzQyUyRmElM0UlMEElM0MlMkZkaXYlM0UlMEElM0NzY3JpcHQlMjB0eXBlJTNEJTIydGV4dCUyRmphdmFzY3JpcHQlMjIlM0UlMEFmdW5jdGlvbiUyMHJlc2VydmVyQ2hhbWJyZUQlMjglMjklMjAlN0IlMEFkb2N1bWVudC5nZXRFbGVtZW50QnlJZCUyOCUyMmJvb2tpbmctZW5naW5lQWx0JTIyJTI5LnN0eWxlLmJvdHRvbSUyMCUzRCUyMCUyMjBweCUyMiUzQiUwQWRvY3VtZW50LmdldEVsZW1lbnRCeUlkJTI4JTIyYm9va2luZy1lbmdpbmVBbHQlMjIlMjkuc3R5bGUudmlzaWJpbGl0eSUyMCUzRCUyMCUyMnZpc2libGUlMjIlM0IlMEFkb2N1bWVudC5nZXRFbGVtZW50QnlJZCUyOCUyMmNhbEFsdCUyMiUyOS5zdHlsZS5vcGFjaXR5JTIwJTNEJTIwJTIyMCUyMiUzQiUwQWRvY3VtZW50LmdldEVsZW1lbnRCeUlkJTI4JTIyY2FsQWx0JTIyJTI5LnN0eWxlLmJvdHRvbSUyMCUzRCUyMCUyMi0yMDBweCUyMiUzQiUwQSU3RCUwQSUzQyUyRnNjcmlwdCUzRQ==[\/vc_raw_html][\/vc_column][vc_column width=\u00bb1\/2&#8243; overflow=\u00bbdefault\u00bb css=\u00bb.vc_custom_1576836133849{padding-top: 7% !important;padding-right: 7% !important;padding-bottom: 7% !important;padding-left: 7% !important;background-color: #b65534 !important;}\u00bb][vc_gallery type=\u00bbflexslider_slide\u00bb interval=\u00bb3&#8243; images=\u00bb1412,1377,733,1342,1307&#8243; img_size=\u00bb707&#215;470&#8243;][\/vc_column][\/vc_row][vc_row full_width=\u00bbstretch_row_content\u00bb equal_height=\u00bbyes\u00bb content_placement=\u00bbmiddle\u00bb overflow=\u00bbdefault\u00bb el_id=\u00bbtriple\u00bb][vc_column width=\u00bb1\/2&#8243; overflow=\u00bbdefault\u00bb css=\u00bb.vc_custom_1576836148531{padding-top: 7% !important;padding-right: 7% !important;padding-bottom: 7% !important;padding-left: 7% !important;background-color: #b65534 !important;}\u00bb][vc_gallery type=\u00bbflexslider_slide\u00bb interval=\u00bb3&#8243; images=\u00bb1322,733,1327&#8243; img_size=\u00bb707&#215;470&#8243;][\/vc_column][vc_column width=\u00bb1\/2&#8243; overflow=\u00bbdefault\u00bb css=\u00bb.vc_custom_1571133779166{padding-top: 7% !important;padding-right: 7% !important;padding-bottom: 7% !important;padding-left: 7% !important;}\u00bb][vc_text_separator title=\u00bbHabitacion 3 personas\u00bb title_align=\u00bbseparator_align_left\u00bb align=\u00bbalign_left\u00bb color=\u00bbcustom\u00bb border_width=\u00bb2&#8243; accent_color=\u00bb#b65534&#8243; el_class=\u00bbsubtitle\u00bb][vc_column_text]Las habitaciones incluyen ba\u00f1o privado y TV v\u00eda sat\u00e9lite. Todas son accesibles en ascensor.<\/p>\n<p>No se pueden a\u00f1adir camas supletorias.<\/p>\n<p><strong>Equipamiento de la habitaci\u00f3<\/strong><strong>n<\/strong>: Escritorio, Calefacci\u00f3n, Insonorizaci\u00f3n, Suelo de madera\/parquet, Ducha, Ba\u00f1era, Secador de pelo, Art\u00edculos de aseo gratuitos, Aseo, Ba\u00f1o, Aseo adicional, TV, Tel\u00e9fono, Canales por cable, TV de pantalla plana, Servicio de despertador\/Reloj despertador, Servicio de despertador<\/p>\n<p>Hay\u00a0<strong>WiFi gratis<\/strong>\u00a0en todas las habitaciones.<\/p>\n<p><strong>Superficie de la habitaci\u00f3n<\/strong>: 25 m\u00b2<\/p>\n<p><strong>Tipo de cama: 3 camas individuales o 1 cama individual, 1 cama doble.<\/strong>[\/vc_column_text][vc_raw_html]JTNDZGl2JTIwaWQlM0QlMjJidG4tcmVzJTIyJTNFJTBBJTNDYSUyMG9uY2xpY2slM0QlMjJyZXNlcnZlckNoYW1icmVUJTI4JTI5JTNCJTIyJTIwY2xhc3MlM0QlMjJsaW5rLXJlcyUyMiUzRVJlc2VydmFyJTIwdW5hJTIwaGFiaXRhY2lvbiUzQyUyRmElM0UlMEElM0MlMkZkaXYlM0UlMEElM0NzY3JpcHQlMjB0eXBlJTNEJTIydGV4dCUyRmphdmFzY3JpcHQlMjIlM0UlMEFmdW5jdGlvbiUyMHJlc2VydmVyQ2hhbWJyZVQlMjglMjklMjAlN0IlMEFkb2N1bWVudC5nZXRFbGVtZW50QnlJZCUyOCUyMmJvb2tpbmctZW5naW5lQWx0JTIyJTI5LnN0eWxlLmJvdHRvbSUyMCUzRCUyMCUyMjBweCUyMiUzQiUwQWRvY3VtZW50LmdldEVsZW1lbnRCeUlkJTI4JTIyYm9va2luZy1lbmdpbmVBbHQlMjIlMjkuc3R5bGUudmlzaWJpbGl0eSUyMCUzRCUyMCUyMnZpc2libGUlMjIlM0IlMEFkb2N1bWVudC5nZXRFbGVtZW50QnlJZCUyOCUyMmNhbEFsdCUyMiUyOS5zdHlsZS5vcGFjaXR5JTIwJTNEJTIwJTIyMCUyMiUzQiUwQWRvY3VtZW50LmdldEVsZW1lbnRCeUlkJTI4JTIyY2FsQWx0JTIyJTI5LnN0eWxlLmJvdHRvbSUyMCUzRCUyMCUyMi0yMDBweCUyMiUzQiUwQSU3RCUwQSUzQyUyRnNjcmlwdCUzRQ==[\/vc_raw_html][\/vc_column][\/vc_row][vc_row full_width=\u00bbstretch_row_content\u00bb equal_height=\u00bbyes\u00bb content_placement=\u00bbmiddle\u00bb overflow=\u00bbdefault\u00bb el_id=\u00bbquadruple\u00bb][vc_column width=\u00bb1\/2&#8243; overflow=\u00bbdefault\u00bb css=\u00bb.vc_custom_1571133779166{padding-top: 7% !important;padding-right: 7% !important;padding-bottom: 7% !important;padding-left: 7% !important;}\u00bb][vc_text_separator title=\u00bbSuite familiar de 2 dormitorios (4 adultos)\u00bb title_align=\u00bbseparator_align_left\u00bb align=\u00bbalign_left\u00bb color=\u00bbcustom\u00bb border_width=\u00bb2&#8243; accent_color=\u00bb#b65534&#8243; el_class=\u00bbsubtitle\u00bb][vc_column_text]Las habitaciones comunicadas incluyen <strong>dos ba\u00f1os privados<\/strong> y\u00a0 <strong>dos TV v\u00eda sat\u00e9lite<\/strong>. Todas son accesibles en ascensor.<\/p>\n<p>No se pueden a\u00f1adir camas supletorias.<\/p>\n<p><strong>Equipamiento de la habitaci\u00f3n:<\/strong>\u00a0Escritorio, Insonorizaci\u00f3n, Suelo de madera\/parquet, Secador de pelo, Art\u00edculos de aseo gratuitos, Aseo, Ba\u00f1o, Ba\u00f1era o ducha, Aseo adicional, TV, Canales por cable, TV de pantalla plana, Servicio de despertador\/Reloj despertador, Servicio de despertador<\/p>\n<p>Hay\u00a0<strong>WiFi gratis<\/strong>\u00a0en todas las habitaciones.<\/p>\n<p><strong>Superficie de la habitaci\u00f3n<\/strong>: 40 m\u00b2<\/p>\n<p><strong>Tipo de cama: 4 camas individuales o 2 camas individuales, 1 cama doble.<\/strong>[\/vc_column_text][vc_raw_html]JTNDZGl2JTIwaWQlM0QlMjJidG4tcmVzJTIyJTNFJTBBJTNDYSUyMG9uY2xpY2slM0QlMjJyZXNlcnZlckNoYW1icmVRJTI4JTI5JTNCJTIyJTIwY2xhc3MlM0QlMjJsaW5rLXJlcyUyMiUzRVJlc2VydmFyJTIwdW5hJTIwaGFiaXRhY2lvbiUzQyUyRmElM0UlMEElM0MlMkZkaXYlM0UlMEElM0NzY3JpcHQlMjB0eXBlJTNEJTIydGV4dCUyRmphdmFzY3JpcHQlMjIlM0UlMEFmdW5jdGlvbiUyMHJlc2VydmVyQ2hhbWJyZVElMjglMjklMjAlN0IlMEFkb2N1bWVudC5nZXRFbGVtZW50QnlJZCUyOCUyMmJvb2tpbmctZW5naW5lQWx0JTIyJTI5LnN0eWxlLmJvdHRvbSUyMCUzRCUyMCUyMjBweCUyMiUzQiUwQWRvY3VtZW50LmdldEVsZW1lbnRCeUlkJTI4JTIyYm9va2luZy1lbmdpbmVBbHQlMjIlMjkuc3R5bGUudmlzaWJpbGl0eSUyMCUzRCUyMCUyMnZpc2libGUlMjIlM0IlMEFkb2N1bWVudC5nZXRFbGVtZW50QnlJZCUyOCUyMmNhbEFsdCUyMiUyOS5zdHlsZS5vcGFjaXR5JTIwJTNEJTIwJTIyMCUyMiUzQiUwQWRvY3VtZW50LmdldEVsZW1lbnRCeUlkJTI4JTIyY2FsQWx0JTIyJTI5LnN0eWxlLmJvdHRvbSUyMCUzRCUyMCUyMi0yMDBweCUyMiUzQiUwQSU3RCUwQSUzQyUyRnNjcmlwdCUzRQ==[\/vc_raw_html][\/vc_column][vc_column width=\u00bb1\/2&#8243; overflow=\u00bbdefault\u00bb css=\u00bb.vc_custom_1576836164638{padding-top: 7% !important;padding-right: 7% !important;padding-bottom: 7% !important;padding-left: 7% !important;background-color: #b65534 !important;}\u00bb][vc_gallery type=\u00bbflexslider_slide\u00bb interval=\u00bb3&#8243; images=\u00bb1417,1302,733,732,1332,1307&#8243; img_size=\u00bb707&#215;470&#8243;][\/vc_column][\/vc_row][vc_row full_width=\u00bbstretch_row_content\u00bb equal_height=\u00bbyes\u00bb content_placement=\u00bbmiddle\u00bb overflow=\u00bbdefault\u00bb el_id=\u00bbfamiliale\u00bb][vc_column width=\u00bb1\/2&#8243; overflow=\u00bbdefault\u00bb css=\u00bb.vc_custom_1576836180415{padding-top: 7% !important;padding-right: 7% !important;padding-bottom: 7% !important;padding-left: 7% !important;background-color: #b65534 !important;}\u00bb][vc_gallery type=\u00bbflexslider_slide\u00bb interval=\u00bb3&#8243; images=\u00bb1407,1357,733,732,1367,1352&#8243; img_size=\u00bb707&#215;470&#8243;][\/vc_column][vc_column width=\u00bb1\/2&#8243; overflow=\u00bbdefault\u00bb css=\u00bb.vc_custom_1571133779166{padding-top: 7% !important;padding-right: 7% !important;padding-bottom: 7% !important;padding-left: 7% !important;}\u00bb][vc_text_separator title=\u00bbSuite familiar de 2 dormitorios (5 adultos)\u00bb title_align=\u00bbseparator_align_left\u00bb align=\u00bbalign_left\u00bb color=\u00bbcustom\u00bb border_width=\u00bb2&#8243; accent_color=\u00bb#b65534&#8243; el_class=\u00bbsubtitle\u00bb][vc_column_text]Las habitaciones comunicadas incluyen <strong>dos ba\u00f1os privados y\u00a0 dos TV v\u00eda sat\u00e9lite<\/strong>. Todas son accesibles en ascensor.<\/p>\n<p><strong>Equipamiento de la habitaci\u00f3n<\/strong>: Escritorio, Insonorizaci\u00f3n, Secador de pelo, Aseo, Ba\u00f1o, Ba\u00f1era o ducha, TV de pantalla plana, Servicio de despertador<\/p>\n<p>Hay\u00a0<strong>WiFi gratis<\/strong>\u00a0en todas las habitaciones.<\/p>\n<p><strong>Superficie de la habitaci\u00f3n:<\/strong>\u00a045 m\u00b2<\/p>\n<p><strong>Tipo de cama: 3 camas individuales, 1 cama doble.<\/strong>[\/vc_column_text][vc_raw_html]JTNDZGl2JTIwaWQlM0QlMjJidG4tcmVzJTIyJTNFJTBBJTNDYSUyMG9uY2xpY2slM0QlMjJyZXNlcnZlckNoYW1icmUlMjglMjklM0IlMjIlMjBjbGFzcyUzRCUyMmxpbmstcmVzJTIyJTNFUmVzZXJ2YXIlMjB1bmElMjBoYWJpdGFjaW9uJTNDJTJGYSUzRSUwQSUzQyUyRmRpdiUzRSUwQSUzQ3NjcmlwdCUyMHR5cGUlM0QlMjJ0ZXh0JTJGamF2YXNjcmlwdCUyMiUzRSUwQWZ1bmN0aW9uJTIwcmVzZXJ2ZXJDaGFtYnJlJTI4JTI5JTIwJTdCJTBBZG9jdW1lbnQuZ2V0RWxlbWVudEJ5SWQlMjglMjJib29raW5nLWVuZ2luZUFsdCUyMiUyOS5zdHlsZS5ib3R0b20lMjAlM0QlMjAlMjIwcHglMjIlM0IlMEFkb2N1bWVudC5nZXRFbGVtZW50QnlJZCUyOCUyMmJvb2tpbmctZW5naW5lQWx0JTIyJTI5LnN0eWxlLnZpc2liaWxpdHklMjAlM0QlMjAlMjJ2aXNpYmxlJTIyJTNCJTBBZG9jdW1lbnQuZ2V0RWxlbWVudEJ5SWQlMjglMjJjYWxBbHQlMjIlMjkuc3R5bGUub3BhY2l0eSUyMCUzRCUyMCUyMjAlMjIlM0IlMEFkb2N1bWVudC5nZXRFbGVtZW50QnlJZCUyOCUyMmNhbEFsdCUyMiUyOS5zdHlsZS5ib3R0b20lMjAlM0QlMjAlMjItMjAwcHglMjIlM0IlMEElN0QlMEElM0MlMkZzY3JpcHQlM0U=[\/vc_raw_html][\/vc_column][\/vc_row]<\/p>\n<\/div>","protected":false},"excerpt":{"rendered":"<p>[vc_row full_width=\u00bbstretch_row_content_no_spaces\u00bb overflow=\u00bbdefault\u00bb css=\u00bb.vc_custom_1733756198308{padding-top: 175px !important;padding-bottom: 50px !important;background-image: url(https:\/\/www.hotel-alliance-lourdes.com\/wp-content\/uploads\/2019\/10\/Background-provisoir.jpg?id=295) !important;background-position: center !important;background-repeat: no-repeat !important;background-size: cover !important;}\u00bb][vc_column][vc_text_separator title=\u00bbHabitaciones\u00bb color=\u00bbwhite\u00bb border_width=\u00bb2&#8243; el_width=\u00bb50&#8243; el_class=\u00bbtitle\u00bb][\/vc_column][\/vc_row][vc_row full_width=\u00bbstretch_row_content\u00bb equal_height=\u00bbyes\u00bb content_placement=\u00bbmiddle\u00bb overflow=\u00bbdefault\u00bb el_id=\u00bbsingle\u00bb][vc_column width=\u00bb1\/2&#8243; overflow=\u00bbdefault\u00bb css=\u00bb.vc_custom_1576836119121{padding-top: 7% !important;padding-right: 7% !important;padding-bottom: 7% !important;padding-left: 7% !important;background-color: #b65534 !important;}\u00bb][vc_gallery type=\u00bbflexslider_slide\u00bb interval=\u00bb3&#8243; images=\u00bb1347,733,1382&#8243; img_size=\u00bb707&#215;470&#8243;][\/vc_column][vc_column width=\u00bb1\/2&#8243; overflow=\u00bbdefault\u00bb&#8230;<\/p>\n","protected":false},"author":1,"featured_media":0,"parent":0,"menu_order":0,"comment_status":"closed","ping_status":"closed","template":"","meta":{"footnotes":""},"class_list":["post-423","page","type-page","status-publish","hentry"],"_links":{"self":[{"href":"https:\/\/www.hotel-alliance-lourdes.com\/es\/wp-json\/wp\/v2\/pages\/423","targetHints":{"allow":["GET"]}}],"collection":[{"href":"https:\/\/www.hotel-alliance-lourdes.com\/es\/wp-json\/wp\/v2\/pages"}],"about":[{"href":"https:\/\/www.hotel-alliance-lourdes.com\/es\/wp-json\/wp\/v2\/types\/page"}],"author":[{"embeddable":true,"href":"https:\/\/www.hotel-alliance-lourdes.com\/es\/wp-json\/wp\/v2\/users\/1"}],"replies":[{"embeddable":true,"href":"https:\/\/www.hotel-alliance-lourdes.com\/es\/wp-json\/wp\/v2\/comments?post=423"}],"version-history":[{"count":14,"href":"https:\/\/www.hotel-alliance-lourdes.com\/es\/wp-json\/wp\/v2\/pages\/423\/revisions"}],"predecessor-version":[{"id":1508,"href":"https:\/\/www.hotel-alliance-lourdes.com\/es\/wp-json\/wp\/v2\/pages\/423\/revisions\/1508"}],"wp:attachment":[{"href":"https:\/\/www.hotel-alliance-lourdes.com\/es\/wp-json\/wp\/v2\/media?parent=423"}],"curies":[{"name":"wp","href":"https:\/\/api.w.org\/{rel}","templated":true}]}}