{"id":398,"date":"2019-11-06T15:02:41","date_gmt":"2019-11-06T14:02:41","guid":{"rendered":"http:\/\/angelic.novae.website\/?page_id=398"},"modified":"2024-12-09T16:01:51","modified_gmt":"2024-12-09T15:01:51","slug":"situation-contact","status":"publish","type":"page","link":"https:\/\/www.hotel-alliance-lourdes.com\/en\/situation-contact\/","title":{"rendered":"Situation &#038; Contact"},"content":{"rendered":"<div class=\"wpb-content-wrapper\"><p>[vc_row full_width=&#8221;stretch_row_content_no_spaces&#8221; overflow=&#8221;default&#8221; css=&#8221;.vc_custom_1733756501870{padding-top: 175px !important;padding-bottom: 50px !important;background-image: url(https:\/\/www.hotel-alliance-lourdes.com\/wp-content\/uploads\/2019\/10\/Background-provisoir.jpg?id=292) !important;background-position: center !important;background-repeat: no-repeat !important;background-size: cover !important;}&#8221;][vc_column][vc_text_separator title=&#8221;Situation &amp; Contact&#8221; color=&#8221;white&#8221; border_width=&#8221;2&#8243; el_width=&#8221;50&#8243; el_class=&#8221;title&#8221;][\/vc_column][\/vc_row][vc_row full_width=&#8221;stretch_row_content&#8221; equal_height=&#8221;yes&#8221; content_placement=&#8221;top&#8221; overflow=&#8221;default&#8221;][vc_column width=&#8221;1\/2&#8243; overflow=&#8221;default&#8221; css=&#8221;.vc_custom_1571230840477{padding: 10% !important;}&#8221;][vc_text_separator title=&#8221;Contact&#8221; title_align=&#8221;separator_align_left&#8221; align=&#8221;align_left&#8221; color=&#8221;custom&#8221; border_width=&#8221;2&#8243; accent_color=&#8221;#b65534&#8243; el_class=&#8221;subtitle&#8221;][vc_column_text]<\/p>\n<h3><strong>Alliance Hotel<\/strong><\/h3>\n<p><strong>Adress :<\/strong> 9 Rue Louis Pomes, 65100 Lourdes &#8211; France<br \/>\n<strong>Phone :<\/strong> +33 (0)5 62 46 15 25<br \/>\n<strong>Fax :<\/strong> +33 (0)5 62 92 56 32<br \/>\n<strong>E-mail :<\/strong> <a href=\"mailto:alliance-hotel65@orange.fr\">alliance-hotel65@orange.fr<\/a>[\/vc_column_text][vc_text_separator title=&#8221;Contact form&#8221; title_align=&#8221;separator_align_left&#8221; align=&#8221;align_left&#8221; color=&#8221;custom&#8221; border_width=&#8221;2&#8243; accent_color=&#8221;#b65534&#8243; el_class=&#8221;subtitle&#8221;]\n<div class=\"wpcf7 no-js\" id=\"wpcf7-f284-o1\" lang=\"fr-FR\" dir=\"ltr\" data-wpcf7-id=\"284\">\n<div class=\"screen-reader-response\"><p role=\"status\" aria-live=\"polite\" aria-atomic=\"true\"><\/p> <ul><\/ul><\/div>\n<form action=\"\/en\/wp-json\/wp\/v2\/pages\/398#wpcf7-f284-o1\" method=\"post\" class=\"wpcf7-form init\" aria-label=\"Formulaire de contact\" novalidate=\"novalidate\" data-status=\"init\">\n<div style=\"display: none;\">\n<input type=\"hidden\" name=\"_wpcf7\" value=\"284\" \/>\n<input type=\"hidden\" name=\"_wpcf7_version\" value=\"6.0.1\" \/>\n<input type=\"hidden\" name=\"_wpcf7_locale\" value=\"fr_FR\" \/>\n<input type=\"hidden\" name=\"_wpcf7_unit_tag\" value=\"wpcf7-f284-o1\" \/>\n<input type=\"hidden\" name=\"_wpcf7_container_post\" value=\"0\" \/>\n<input type=\"hidden\" name=\"_wpcf7_posted_data_hash\" value=\"\" \/>\n<input type=\"hidden\" name=\"_wpcf7_recaptcha_response\" value=\"\" \/>\n<\/div>\n<div class=\"sh-cf7-body\"><table>\n\t<tr>\n\t\t<td>\n\t\t\t<p><label> Your name *<br \/>\n<span class=\"wpcf7-form-control-wrap\" data-name=\"your-name\"><input size=\"40\" maxlength=\"400\" class=\"wpcf7-form-control wpcf7-text wpcf7-validates-as-required\" aria-required=\"true\" aria-invalid=\"false\" value=\"\" type=\"text\" name=\"your-name\" \/><\/span> <\/label>\n\t\t\t<\/p>\n\t\t<\/td>\n\t\t<td>\n\t\t\t<p><label> Your phone number *<br \/>\n<span class=\"wpcf7-form-control-wrap\" data-name=\"tel-826\"><input size=\"40\" maxlength=\"400\" class=\"wpcf7-form-control wpcf7-tel wpcf7-validates-as-required wpcf7-text wpcf7-validates-as-tel\" aria-required=\"true\" aria-invalid=\"false\" value=\"\" type=\"tel\" name=\"tel-826\" \/><\/span> <\/label>\n\t\t\t<\/p>\n\t\t<\/td>\n\t<\/tr>\n\t<tr>\n\t\t<td colspan=\"2\">\n\t\t\t<p><label> Your e-mail *<br \/>\n<span class=\"wpcf7-form-control-wrap\" data-name=\"your-email\"><input size=\"40\" maxlength=\"400\" class=\"wpcf7-form-control wpcf7-email wpcf7-validates-as-required wpcf7-text wpcf7-validates-as-email\" aria-required=\"true\" aria-invalid=\"false\" value=\"\" type=\"email\" name=\"your-email\" \/><\/span> <\/label>\n\t\t\t<\/p>\n\t\t<\/td>\n\t<\/tr>\n\t<tr>\n\t\t<td colspan=\"2\">\n\t\t\t<p><label> Your subject<br \/>\n<span class=\"wpcf7-form-control-wrap\" data-name=\"your-subject\"><input size=\"40\" maxlength=\"400\" class=\"wpcf7-form-control wpcf7-text\" aria-invalid=\"false\" value=\"\" type=\"text\" name=\"your-subject\" \/><\/span> <\/label>\n\t\t\t<\/p>\n\t\t<\/td>\n\t<\/tr>\n\t<tr>\n\t\t<td colspan=\"2\">\n\t\t\t<p><label> Your message<br \/>\n<span class=\"wpcf7-form-control-wrap\" data-name=\"your-message\"><textarea cols=\"40\" rows=\"10\" maxlength=\"2000\" class=\"wpcf7-form-control wpcf7-textarea\" aria-invalid=\"false\" name=\"your-message\"><\/textarea><\/span> <\/label>\n\t\t\t<\/p>\n\t\t<\/td>\n\t<\/tr>\n<\/table>\n<p><span class=\"wpcf7-form-control-wrap\" data-name=\"acceptance-288\"><span class=\"wpcf7-form-control wpcf7-acceptance\"><span class=\"wpcf7-list-item\"><label><input type=\"checkbox\" name=\"acceptance-288\" value=\"1\" aria-invalid=\"false\" \/><span class=\"wpcf7-list-item-label\">I agree that the information entered in this form will be used to allow me to contact you again as part of this contact request.<\/span><\/label><\/span><\/span><\/span>\n<\/p>\n<p><input class=\"wpcf7-form-control wpcf7-submit has-spinner\" type=\"submit\" value=\"Send\" \/>\n<\/p><\/div><div class=\"wpcf7-response-output\" aria-hidden=\"true\"><\/div>\n<\/form>\n<\/div>\n[\/vc_column][vc_column width=&#8221;1\/2&#8243; overflow=&#8221;default&#8221; css=&#8221;.vc_custom_1571230884669{padding: 10% !important;}&#8221;][vc_column_text]<iframe loading=\"lazy\" style=\"border: 0;\" src=\"https:\/\/www.google.com\/maps\/embed?pb=!1m14!1m8!1m3!1d5827.210100228594!2d-0.053638!3d43.091798!3m2!1i1024!2i768!4f13.1!3m3!1m2!1s0x0%3A0x496a2ff42e7b5725!2sHotel%20Alliance%20Lourdes!5e0!3m2!1sfr!2sfr!4v1576846307152!5m2!1sfr!2sfr\" width=\"600\" height=\"450\" frameborder=\"0\" allowfullscreen=\"allowfullscreen\"><\/iframe>[\/vc_column_text][\/vc_column][\/vc_row][vc_row][vc_column][vc_text_separator title=&#8221;To go to Lourdes&#8221; color=&#8221;custom&#8221; border_width=&#8221;2&#8243; accent_color=&#8221;#b65534&#8243; el_class=&#8221;subtitle&#8221;][vc_icon icon_fontawesome=&#8221;fa fa-car&#8221; color=&#8221;custom&#8221; background_style=&#8221;rounded-less&#8221; background_color=&#8221;custom&#8221; custom_color=&#8221;#ffffff&#8221; custom_background_color=&#8221;#b65534&#8243;][vc_column_text]<strong>Getting to Lourdes<\/strong><\/p>\n<p style=\"text-align: left;\">Lourdes is well served and the town is easily accessible by car or coach.<br \/>\n<strong>From Tarbes to Lourdes<\/strong>, follow route N.21Once in Lourdes, follow &#8220;Centre ville&#8221; then &#8220;La Grotte&#8221; directions.\u00a0 According to the direction of traffic, take Boulevard de la Grotte (then Boulevard P\u00e8re R\u00e9my Semp\u00e9) or Rue de la Grotte (traffic direction changes on the 1<sup>st<\/sup>\u00a0and 16<sup>th<\/sup>\u00a0of every month).<br \/>\n<strong>From Pau to Lourdes<\/strong>, follow the A.64 motorway in direction of Tarbesfrom Tarbes to Lourdes, follow route N.21. Once in Lourdes, follow &#8220;Centre ville&#8221; then &#8220;La Grotte&#8221; directions.\u00a0 According to the direction of traffic, take Boulevard de la Grotte (then Boulevard P\u00e8re R\u00e9my Semp\u00e9) or Rue de la Grotte (traffic direction changes on the 1<sup>st<\/sup>\u00a0and 16<sup>th<\/sup>\u00a0of every month).<br \/>\n<strong>From Argel\u00e8s-Gazost<\/strong>\u00a0to Lourdes, follow route N.21.Once in Lourdes, follow &#8220;Centre ville&#8221; then &#8220;La Grotte&#8221; directions.\u00a0 According to the direction of traffic, take Boulevard de la Grotte (then Boulevard P\u00e8re R\u00e9my Semp\u00e9) or Rue de la Grotte (traffic direction changes on the 1<sup>st<\/sup>\u00a0and 16<sup>th<\/sup>\u00a0of every month).<\/p>\n<p>[\/vc_column_text][vc_icon icon_fontawesome=&#8221;fa fa-plane&#8221; color=&#8221;custom&#8221; background_style=&#8221;rounded-less&#8221; background_color=&#8221;custom&#8221; custom_color=&#8221;#ffffff&#8221; custom_background_color=&#8221;#b65534&#8243;][vc_column_text]<\/p>\n<p style=\"text-align: left;\"><strong>Getting to Lourdes by airplane<\/strong><\/p>\n<p>4 airports serve Lourdes<\/p>\n<ul>\n<li>Tarbes Lourdes Pyr\u00e9n\u00e9es 15 km away \u2013 Taxi<\/li>\n<li>Pau-Pyr\u00e9n\u00e9es 40 km away \u2013 Taxis<\/li>\n<li>Toulouse-Blagnac 180 km away (by motorway) \u2013 Taxis or train to Lourdes<\/li>\n<li>Biarritz 200 km away (by motorway) \u2013 Taxis<\/li>\n<li>No regular shuttle service to Lourdes airport<\/li>\n<\/ul>\n<p><strong>At Tarbes-Lourdes-Pyr\u00e9n\u00e9es airport<\/strong>, there are 3 regular flights a week between Orly-Ouest airport in Paris\u00a0 and Tarbes-Lourdes-Pyr\u00e9n\u00e9es airport<\/p>\n<p><strong>From LOURDES airport<\/strong>\u00a0(15 km away)24-hour taxi service between the airport and the hotel. Price: approximately 30 \u20ac during the day and 35 \u20ac at night and during weekends (according to amount of luggage).<\/p>\n<p><strong>From PAU airport<\/strong>\u00a0(40 km away)24-hour taxi service between the airport and the hotel. Price: approximately 80\u00a0\u20ac during the day and 100\u20ac at night and during weekends (according to amount of luggage).<\/p>\n<p><strong>Taxis are at your disposal<\/strong>\u00a0to bring you to the hotel.\u00a0 You can book them through us.\u00a0 To do so, please give us your surname, the name of the airport, date and time of arrival, flight number and number of people concerned (adults and children) and the name of the hotel.[\/vc_column_text][vc_icon icon_fontawesome=&#8221;fa fa-train&#8221; color=&#8221;custom&#8221; background_style=&#8221;rounded-less&#8221; background_color=&#8221;custom&#8221; custom_color=&#8221;#ffffff&#8221; custom_background_color=&#8221;#b65534&#8243;][vc_column_text]<\/p>\n<p style=\"text-align: left;\"><strong>Getting to Lourdes by train<\/strong><\/p>\n<p>Thousands of pilgrims choose to come to Lourdes by train with entire pilgrimages arriving at the station from many different towns.\u00a0 The high-speed train (TGV) from Paris to Lourdes (5 \u00bd hour trip) ensures four connections every day and two night trains. There are direct train connections from: Bordeaux \/ Toulouse \/ Montpellier \/ Marseille \/ Nice \/ Lyon \/ Ventimiglia\/ Geneva \/ Irun.<\/p>\n<p>A bus company runs\u00a0<strong>a shuttle service from the station in Lourdes<\/strong>\u00a0to the Grotto (Saint Joseph&#8217;s gate)\u00a0<strong>Every 15 minutes<\/strong>: CITY BUS (blue bus), take line 1 or 2 (from Palm Sunday to 31<sup>st<\/sup>\u00a0October).\u00a0 Price: 1.20 \u20ac\/person (single)\u00a0 \/ 2.20 \u20ac\/person (return)\u00a0<em>Times: from 7 am to 7 pm (until 10.30 pm in July in August)<\/em>\u00a0\u2013 Freefone number: 0 800 100 329 A taxi service runs 24 hours a day between the train station and the hotel Price: approximately 10 \u20ac during the day and 12 \u20ac at night (according to luggage)\u00a0 You can book through us; to do so please give us your surname, date and time of arrival, train number and number of people concerned (adults and children) and the name of the Vinuales hotel you have booked with.[\/vc_column_text][vc_icon icon_fontawesome=&#8221;fa fa-map-marker&#8221; color=&#8221;custom&#8221; background_style=&#8221;rounded-less&#8221; background_color=&#8221;custom&#8221; custom_color=&#8221;#ffffff&#8221; custom_background_color=&#8221;#b65534&#8243;][vc_column_text]<\/p>\n<p style=\"text-align: left;\"><strong>Where to park ?<\/strong><\/p>\n<p><strong>Free private parking <\/strong>front of Hotel Alliance *** .<\/p>\n<p><strong>Free guarded parking<\/strong>\u00a0near the Sanctuaries within 5 minutes from the hotel Angelic: Esplanade du Paradis\u00a0<b>CLIC\u00a0<\/b><strong><a href=\"https:\/\/www.google.fr\/maps\/place\/Espl.+du+Paradis,+65100+Lourdes\/@43.0904439,-0.0541325,17z\/data=!3m1!4b1!4m2!3m1!1s0xd57d698e54fed1d:0x343e35223a194cdd\" target=\"_blank\" rel=\"noopener noreferrer\">Location map<\/a>;<\/strong><\/p>\n<p><strong>Covered paying parking<\/strong>: Parking Municipal Peyramale\u00a0<strong>CLIC\u00a0<\/strong>\u00a0<strong><a href=\"https:\/\/www.google.fr\/maps\/place\/Vinci+Park+Services\/@43.0961707,-0.0465446,17z\/data=!3m1!4b1!4m2!3m1!1s0xd57d6994dddc7fd:0xc962343429c780ae\" target=\"_blank\" rel=\"noopener noreferrer\">Location map<\/a>&#8211;<\/strong><\/p>\n<p><strong>Municipal Parking<\/strong>\u00a0Merlasse &#8211; Avenue Mgr Schoepfer (near the Sanctuary of Lourdes) \u00a0<strong>CLIC<\/strong>\u00a0<strong><a href=\"https:\/\/www.google.fr\/maps\/place\/Parking+Merlasse\/@43.095962,-0.0553673,17z\/data=!3m1!4b1!4m2!3m1!1s0xd57d69ff2ba40c7:0x34da086fd63015ea\" target=\"_blank\" rel=\"noopener noreferrer\">Location map<\/a><\/strong><\/p>\n<p><strong>Paid parking, close to the Sanctuaries:<\/strong>\u00a0Parking Boissarie, Rue du Docteur Boissarie, Quai St John, St. Mary Square of Merlasse Rue des Carri\u00e8res Peyramale, Avenue du Paradis, Parking Esplanade du Paradis, De Equality, Avenue R\u00e9mi Semp\u00e9 , Avenue Mgr Th\u00e9as[\/vc_column_text][vc_icon icon_fontawesome=&#8221;fa fa-random&#8221; color=&#8221;custom&#8221; background_style=&#8221;rounded-less&#8221; background_color=&#8221;custom&#8221; custom_color=&#8221;#ffffff&#8221; custom_background_color=&#8221;#b65534&#8243;][vc_column_text]<\/p>\n<p style=\"text-align: left;\"><strong>Getting out and about in Lourdes<\/strong><\/p>\n<p style=\"text-align: left;\">The two main routes that lead to the Shrines are one-way roads, and the direction of traffic changes every 15 days.From the town centre, from the 1<sup>st<\/sup>\u00a0to the 15<sup>th<\/sup>\u00a0of the month, you must take Rue de la Grotte.From the 16<sup>th<\/sup>to the 30<sup>th<\/sup>\/31<sup>st<\/sup>\u00a0of the month on the other hand, you must take Boulevard de la Grotte, then Boulevard R\u00e9my Semp\u00e9 to get to Saint Joseph&#8217;s gate (unless changes are made owing to construction work or some other reason).<br \/>\nCheck with your hotel before coming to find out about the direction of traffic on your day of arrival.<\/p>\n<p style=\"text-align: left;\">Angelic&#8217;s\u00a0hotel is very close to the Shrines and you can easily undertake most visits on foot.\u00a0 The town centre is also easily accessible, and takes approximately 10 minutes.<\/p>\n<p><strong>Shuttle services are available from the train station\u00a0<\/strong>(City Bus), to the Grotto (Saint Joseph&#8217;s entrance) Every 15 minutes: CITY BUS (blue bus), take line 1 or 2 to get to the Grotto \u2013 Hotels \u2013 Station (from Easter to October)<em>Price: around 1.\u20ac\/person (one way)\u00a0 \/ \u00a0around 2 \u20ac\/person (return)<\/em><em>\u00a0Times: from 7 am to 7 pm (until 10.30 pm in July in August)<\/em><\/p>\n<p><em><br \/>\n<\/em><strong>With the little tourist train\u00a0<\/strong>Departure every 20 minutes, every day from Easter to October, from 9 am to 11.30 am and from 1.30 pm to 6.15 pm.\u00a0 Late-night from 8 pm from May to end of September. Train departs from Place Monseigneur Laurence.\u00a0\u00a0<strong>The 45-minute trip to discover the Marian city<\/strong>\u00a0is sure to delight young and old alike.[\/vc_column_text][vc_icon icon_fontawesome=&#8221;fa fa-comments-o&#8221; color=&#8221;custom&#8221; background_style=&#8221;rounded-less&#8221; background_color=&#8221;custom&#8221; custom_color=&#8221;#ffffff&#8221; custom_background_color=&#8221;#b65534&#8243;][vc_column_text]<\/p>\n<p style=\"text-align: left;\"><strong>Rent a car<\/strong><\/p>\n<p style=\"text-align: left;\"><a title=\"AVIS\" href=\"https:\/\/www.avis.fr\/services-avis\/location-voiture\/europe\/france\/lourdes\/gare-de-lourdes\" target=\"_blank\" rel=\"noopener noreferrer\">www.avis.fr<\/a> Tel\/Ph +33 (0)5 62 34 26 76<br \/>\n<a href=\"https:\/\/www.europcar.be\/en-be\/stations\/france\/lourdes-sncf?_ga=2.127562317.1795882811.1586599301-460544990.1586599301&amp;_gac=1.260312703.1586599550.CjwKCAjw1cX0BRBmEiwAy9tKHkIEHLyITj-eIAziogj-H6FevZLtEXRlEF_1J3SByqK9XGVHEFHw7RoCspgQAvD_BwE\" target=\"_blank\" rel=\"noopener noreferrer\">www.europcar.fr &#8211;<\/a>\u00a0Tel\/Ph +33 (0)5 62 51 20 21<br \/>\n<a href=\"https:\/\/www.hertz.fr\/p\/location-de-voiture\/france\/tarbes\/lourdes-tarbes-airport\" target=\"_blank\" rel=\"noopener noreferrer\">www.hertz.fr\u00a0<\/a>&#8211; Tel\/Ph +33 (0)5 62 93 14 99<\/p>\n<p>[\/vc_column_text][\/vc_column][\/vc_row]<\/p>\n<\/div>","protected":false},"excerpt":{"rendered":"<p>[vc_row full_width=&#8221;stretch_row_content_no_spaces&#8221; overflow=&#8221;default&#8221; css=&#8221;.vc_custom_1733756501870{padding-top: 175px !important;padding-bottom: 50px !important;background-image: url(https:\/\/www.hotel-alliance-lourdes.com\/wp-content\/uploads\/2019\/10\/Background-provisoir.jpg?id=292) !important;background-position: center !important;background-repeat: no-repeat !important;background-size: cover !important;}&#8221;][vc_column][vc_text_separator title=&#8221;Situation &amp; Contact&#8221; color=&#8221;white&#8221; border_width=&#8221;2&#8243; el_width=&#8221;50&#8243; el_class=&#8221;title&#8221;][\/vc_column][\/vc_row][vc_row full_width=&#8221;stretch_row_content&#8221; equal_height=&#8221;yes&#8221; content_placement=&#8221;top&#8221; overflow=&#8221;default&#8221;][vc_column width=&#8221;1\/2&#8243; overflow=&#8221;default&#8221; css=&#8221;.vc_custom_1571230840477{padding: 10% !important;}&#8221;][vc_text_separator title=&#8221;Contact&#8221; title_align=&#8221;separator_align_left&#8221; align=&#8221;align_left&#8221; color=&#8221;custom&#8221; border_width=&#8221;2&#8243; accent_color=&#8221;#b65534&#8243; el_class=&#8221;subtitle&#8221;][vc_column_text] Alliance Hotel Adress : 9 Rue&#8230;<\/p>\n","protected":false},"author":1,"featured_media":0,"parent":0,"menu_order":0,"comment_status":"closed","ping_status":"closed","template":"","meta":{"footnotes":""},"class_list":["post-398","page","type-page","status-publish","hentry"],"_links":{"self":[{"href":"https:\/\/www.hotel-alliance-lourdes.com\/en\/wp-json\/wp\/v2\/pages\/398","targetHints":{"allow":["GET"]}}],"collection":[{"href":"https:\/\/www.hotel-alliance-lourdes.com\/en\/wp-json\/wp\/v2\/pages"}],"about":[{"href":"https:\/\/www.hotel-alliance-lourdes.com\/en\/wp-json\/wp\/v2\/types\/page"}],"author":[{"embeddable":true,"href":"https:\/\/www.hotel-alliance-lourdes.com\/en\/wp-json\/wp\/v2\/users\/1"}],"replies":[{"embeddable":true,"href":"https:\/\/www.hotel-alliance-lourdes.com\/en\/wp-json\/wp\/v2\/comments?post=398"}],"version-history":[{"count":14,"href":"https:\/\/www.hotel-alliance-lourdes.com\/en\/wp-json\/wp\/v2\/pages\/398\/revisions"}],"predecessor-version":[{"id":1456,"href":"https:\/\/www.hotel-alliance-lourdes.com\/en\/wp-json\/wp\/v2\/pages\/398\/revisions\/1456"}],"wp:attachment":[{"href":"https:\/\/www.hotel-alliance-lourdes.com\/en\/wp-json\/wp\/v2\/media?parent=398"}],"curies":[{"name":"wp","href":"https:\/\/api.w.org\/{rel}","templated":true}]}}