{"id":521,"date":"2019-11-07T15:56:45","date_gmt":"2019-11-07T14:56:45","guid":{"rendered":"http:\/\/angelic.novae.website\/?page_id=521"},"modified":"2024-12-09T16:00:48","modified_gmt":"2024-12-09T15:00:48","slug":"besuchen-lourdes","status":"publish","type":"page","link":"https:\/\/www.hotel-alliance-lourdes.com\/de\/besuchen-lourdes\/","title":{"rendered":"Besuchen Lourdes"},"content":{"rendered":"<div class=\"wpb-content-wrapper\"><p>[vc_row full_width=&#8220;stretch_row_content_no_spaces&#8220; overflow=&#8220;default&#8220; css=&#8220;.vc_custom_1733756446657{padding-top: 175px !important;padding-bottom: 50px !important;background-image: url(https:\/\/www.hotel-alliance-lourdes.com\/wp-content\/uploads\/2019\/10\/Background-provisoir.jpg?id=293) !important;background-position: center !important;background-repeat: no-repeat !important;background-size: cover !important;}&#8220;][vc_column][vc_text_separator title=&#8220;Besuchen Lourdes&#8220; color=&#8220;white&#8220; border_width=&#8220;2&#8243; el_width=&#8220;50&#8243; el_class=&#8220;title&#8220;][\/vc_column][\/vc_row][vc_row full_width=&#8220;stretch_row_content&#8220; equal_height=&#8220;yes&#8220; content_placement=&#8220;middle&#8220; overflow=&#8220;default&#8220; el_id=&#8220;sanctuaire&#8220;][vc_column width=&#8220;1\/2&#8243; overflow=&#8220;default&#8220; css=&#8220;.vc_custom_1571223240232{padding: 10% !important;}&#8220;][vc_text_separator title=&#8220;DER WALLFAHRTSORT VON LOURDES&#8220; title_align=&#8220;separator_align_left&#8220; align=&#8220;align_left&#8220; color=&#8220;custom&#8220; border_width=&#8220;2&#8243; accent_color=&#8220;#b65534&#8243; el_class=&#8220;subtitle&#8220;][vc_column_text]Der Wallfahrtsort von Lourdes ist ganzj\u00e4hrig rund um die Uhr zug\u00e4nglich. Der Zutritt ist kostenlos<br \/>\n<strong>Die Grotte von Massabielle<\/strong> wird im Norden und Osten vom Wasser des Gave de Pau umsp\u00fclt und im S\u00fcden von dem Felsen Massabielle dominiert.In dieser H\u00f6hle, in einer Tiefe <strong>von 9, 50 m<\/strong>, erschien <strong>im Jahr 1858<\/strong> der damals 14-j\u00e4hrigen <strong>Bernadette Soubirous<\/strong> aus Lourdes die Mutter Gottes.Tief im Inneren der Grotte befindet sich eine Quelle, <strong>die Bernadette<\/strong> nach Anweisungen der Heiligen Jungfrau Maria freilegte.Das Wasser der Quelle wird heute umgeleitet und speist die Brunnen, B\u00e4der und den Wasserweg.Mit ca. <strong>6 Millionen Besuchern<\/strong> pro Jahr ist die Grotte der meistbesuchte Ort der Heiligenst\u00e4tten.[\/vc_column_text][vc_column_text]<strong>Adresse :<\/strong> 1 Avenue Mgr Th\u00e9as, 65108 Lourdes<br \/>\n<strong>Telefon:<\/strong> 05 62 42 78 78<br \/>\n<strong>Web Site :<\/strong> <a href=\"https:\/\/www.lourdes-france.org\/de\/\" target=\"_blank\" rel=\"noopener noreferrer\">https:\/\/www.lourdes-france.org\/de<\/a>[\/vc_column_text][\/vc_column][vc_column width=&#8220;1\/2&#8243; overflow=&#8220;default&#8220; css=&#8220;.vc_custom_1571223307095{padding: 10% !important;}&#8220;][vc_video link=&#8220;https:\/\/www.youtube.com\/watch?v=hiA7Ky7hcwA&#8220; el_width=&#8220;90&#8243;][vc_gallery type=&#8220;image_grid&#8220; images=&#8220;59,136,137&#8243; img_size=&#8220;200&#215;200&#8243;][\/vc_column][\/vc_row][vc_row full_width=&#8220;stretch_row_content&#8220; equal_height=&#8220;yes&#8220; content_placement=&#8220;middle&#8220; overflow=&#8220;default&#8220; css=&#8220;.vc_custom_1571230453811{background-color: #efefef !important;}&#8220; el_id=&#8220;train&#8220;][vc_column width=&#8220;1\/2&#8243; overflow=&#8220;default&#8220; css=&#8220;.vc_custom_1571223240232{padding: 10% !important;}&#8220;][vc_text_separator title=&#8220;LE PETIT TRAIN DE LOURDES&#8220; title_align=&#8220;separator_align_left&#8220; align=&#8220;align_left&#8220; color=&#8220;custom&#8220; border_width=&#8220;2&#8243; accent_color=&#8220;#b65534&#8243; el_class=&#8220;subtitle&#8220;][vc_column_text]Der Kleine Zug f\u00fchrt Sie entlang einer 7,5 km langen Strecke <strong>in 45 Minuten<\/strong> durch die alten Viertel des Marienortes, die obere Stadt und vorbei an den Monumenten.[\/vc_column_text][vc_column_text]<strong>Adresse :<\/strong> Place Monseigneur Laurence, 65108 Lourdes<br \/>\n<strong>Telefon :<\/strong> 05 62 97 42 46<br \/>\n<strong>Web Site :<\/strong> <a href=\"https:\/\/de.lourdes-infotourisme.com\/web\/DE\/899-petit-train-touristique.php\" target=\"_blank\" rel=\"noopener noreferrer\">https:\/\/de.lourdes-infotourisme.com\/web\/DE<\/a>[\/vc_column_text][\/vc_column][vc_column width=&#8220;1\/2&#8243; overflow=&#8220;default&#8220; css=&#8220;.vc_custom_1571223307095{padding: 10% !important;}&#8220;][vc_video link=&#8220;https:\/\/www.youtube.com\/watch?time_continue=1&amp;v=pDxv2dgBJiM&#8220; el_width=&#8220;90&#8243;][vc_gallery type=&#8220;image_grid&#8220; images=&#8220;146,147,148&#8243; img_size=&#8220;200&#215;200&#8243;][\/vc_column][\/vc_row][vc_row full_width=&#8220;stretch_row_content&#8220; equal_height=&#8220;yes&#8220; content_placement=&#8220;middle&#8220; overflow=&#8220;default&#8220; el_id=&#8220;jer&#8220;][vc_column width=&#8220;1\/2&#8243; overflow=&#8220;default&#8220; css=&#8220;.vc_custom_1571223240232{padding: 10% !important;}&#8220;][vc_text_separator title=&#8220;Funiculaire du Pic du Jer&#8220; title_align=&#8220;separator_align_left&#8220; align=&#8220;align_left&#8220; color=&#8220;custom&#8220; border_width=&#8220;2&#8243; accent_color=&#8220;#b65534&#8243; el_class=&#8220;subtitle&#8220;][vc_column_text]Von Lourdes aus <strong>das sch\u00f6nste Panorama der Pyren\u00e4en.<\/strong> <strong>Der Pic du Jer, <\/strong>der hoch \u00fcber der Stadt thront, ist an seinem gro\u00dfen Kreuz zu erkennen, das nachts erleuchtet ist.Sie k\u00f6nnen ihn mit<strong> einer 100 Jahre alten <\/strong>Seilbahn erreichen<strong>,<\/strong> die Sie in nur wenigen Minuten auf <strong>den Gipfel in 1.000 m<\/strong> H\u00f6he bringt; eine Fahrt voller Charme&#8230;Auf dem Gipfel angekommen f\u00fchrt Sie ein Wanderpfad bis zum Observatorium, wo Sie an einen einzigartigen Aussichtspunkt gelangen, der einen Rundblick auf Lourdes, Tarbes, Pau, das Tal von Arg\u00e8les Gazost und <strong>die Pyren\u00e4en bietet.<\/strong>[\/vc_column_text][vc_column_text]<strong>Adresse :<\/strong> 59 avenue Francis Lagard\u00e8re, 65108 Lourdes<br \/>\n<strong>Telefon:<\/strong> 05 62 94 00 41<br \/>\n<strong>Web Site :<\/strong> <a href=\"https:\/\/de.lourdes-infotourisme.com\/web\/DE\/889-pic-du-jer.php\" target=\"_blank\" rel=\"noopener noreferrer\">https:\/\/de.lourdes-infotourisme.com\/web\/DE<\/a>[\/vc_column_text][\/vc_column][vc_column width=&#8220;1\/2&#8243; overflow=&#8220;default&#8220; css=&#8220;.vc_custom_1571223307095{padding: 10% !important;}&#8220;][vc_video link=&#8220;https:\/\/www.youtube.com\/watch?v=zJ4jtXLiqtk&#8220; el_width=&#8220;90&#8243;][vc_gallery type=&#8220;image_grid&#8220; images=&#8220;150,151,152&#8243; img_size=&#8220;200&#215;200&#8243;][\/vc_column][\/vc_row][vc_row full_width=&#8220;stretch_row_content&#8220; equal_height=&#8220;yes&#8220; content_placement=&#8220;middle&#8220; overflow=&#8220;default&#8220; css=&#8220;.vc_custom_1571230469275{background-color: #efefef !important;}&#8220; el_id=&#8220;chateau&#8220;][vc_column width=&#8220;1\/2&#8243; overflow=&#8220;default&#8220; css=&#8220;.vc_custom_1571223240232{padding: 10% !important;}&#8220;][vc_text_separator title=&#8220;Ch\u00e2teau Fort de Lourdes&#8220; title_align=&#8220;separator_align_left&#8220; align=&#8220;align_left&#8220; color=&#8220;custom&#8220; border_width=&#8220;2&#8243; accent_color=&#8220;#b65534&#8243; el_class=&#8220;subtitle&#8220;][vc_column_text]Diese tausendj\u00e4hrige Festung wurde niemals besiegt und ist heute als historisches <strong>Monument denkmalgesch\u00fctzt<\/strong> und wird als <strong>&#8222;Museum Frankreichs&#8220;<\/strong> gef\u00fchrt. Von der St\u00e4tte aus bietet sich ein au\u00dfergew\u00f6hnliches Panorama auf die Stadt, die Heiligenst\u00e4tten und die Pyren\u00e4en. Am Fu\u00df des Bergfrieds aus dem 14. Jahrhundert k\u00f6nnen Sie <strong>den botanischen Garten und das Pyren\u00e4enmuseum besichtigen.<\/strong><br \/>\nDort k\u00f6nnen Sie bedeutende Sammlungen \u00fcber die Geschichte der franz\u00f6sischen und spanischen Pyren\u00e4en besuchen: Steingut und Mobiliar aus dem 18. Jahrhundert, Sch\u00e4ferh\u00fctten, traditionelle Trachten, Miniaturen, &#8222;Pyren\u00e4ismus&#8220;&#8230;[\/vc_column_text][vc_column_text]<strong>Adresse :<\/strong> 25 rue du Fort, 65108 Lourdes<br \/>\n<strong>Telefon :<\/strong> 05 62 42 37 37<br \/>\n<strong>Web Site :<\/strong><a href=\"https:\/\/de.lourdes-infotourisme.com\/web\/DE\/888-chateau-fort-de-lourdes.php\" target=\"_blank\" rel=\"noopener noreferrer\"> https:\/\/de.lourdes-infotourisme.com\/web\/DE<\/a>[\/vc_column_text][\/vc_column][vc_column width=&#8220;1\/2&#8243; overflow=&#8220;default&#8220; css=&#8220;.vc_custom_1571223307095{padding: 10% !important;}&#8220;][vc_video link=&#8220;https:\/\/www.youtube.com\/watch?v=xxx-nvcq2Uc&#8220; el_width=&#8220;90&#8243;][vc_gallery type=&#8220;image_grid&#8220; images=&#8220;155,156,157&#8243; img_size=&#8220;200&#215;200&#8243;][\/vc_column][\/vc_row][vc_row full_width=&#8220;stretch_row_content&#8220; equal_height=&#8220;yes&#8220; content_placement=&#8220;middle&#8220; overflow=&#8220;default&#8220; el_id=&#8220;musee&#8220;][vc_column width=&#8220;1\/2&#8243; overflow=&#8220;default&#8220; css=&#8220;.vc_custom_1571223240232{padding: 10% !important;}&#8220;][vc_text_separator title=&#8220;Mus\u00e9e de Cire de Lourdes&#8220; title_align=&#8220;separator_align_left&#8220; align=&#8220;align_left&#8220; color=&#8220;custom&#8220; border_width=&#8220;2&#8243; accent_color=&#8220;#b65534&#8243; el_class=&#8220;subtitle&#8220;][vc_column_text]Mit \u00fcber <strong>2 Millionen Besuchern s<\/strong>eit seiner Er\u00f6ffnung steht das Wachsfigurenmuseum in Lourdes auf Platz 1 der touristischen Aktivit\u00e4ten der Stadt.<br \/>\n<strong>Entdecken Sie 18 Szenen mit mehr als 100 lebensgro\u00dfen Wachsfiguren<\/strong>, die von den Dekorateuren des ber\u00fchmten Museums Gr\u00e9vin in Paris pr\u00e4sentiert werden.<br \/>\nSzene f\u00fcr Szene erleben Sie die mitrei\u00dfende Geschichte<strong> von Christus und vom Leben der Bernadette<\/strong>.Diese Geschichte wird Ihnen f\u00fcr immer in Erinnerung bleiben! Denn Sie haben sie gesehen! Als w\u00e4ren Sie selbst dort gewesen.[\/vc_column_text][vc_column_text]<strong>Adresse :<\/strong> 87 rue de la Grotte, 65108 Lourdes<br \/>\n<strong>Telefon:<\/strong> 05 62 94 33 74<br \/>\n<strong>Web Site :<\/strong> <a href=\"https:\/\/de.lourdes-infotourisme.com\/web\/DE\/914-musee-de-cire.php\" target=\"_blank\" rel=\"noopener noreferrer\">https:\/\/de.lourdes-infotourisme.com\/web\/DE<\/a>[\/vc_column_text][\/vc_column][vc_column width=&#8220;1\/2&#8243; overflow=&#8220;default&#8220; css=&#8220;.vc_custom_1571223307095{padding: 10% !important;}&#8220;][vc_video link=&#8220;https:\/\/www.youtube.com\/watch?v=vCSeMhPVluE&#8220; el_width=&#8220;90&#8243;][vc_gallery type=&#8220;image_grid&#8220; images=&#8220;159,160,229&#8243; img_size=&#8220;200&#215;200&#8243;][\/vc_column][\/vc_row][vc_row full_width=&#8220;stretch_row_content&#8220; equal_height=&#8220;yes&#8220; content_placement=&#8220;middle&#8220; overflow=&#8220;default&#8220; css=&#8220;.vc_custom_1571230479576{background-color: #efefef !important;}&#8220; el_id=&#8220;lac&#8220;][vc_column width=&#8220;1\/2&#8243; overflow=&#8220;default&#8220; css=&#8220;.vc_custom_1571223240232{padding: 10% !important;}&#8220;][vc_text_separator title=&#8220;Lac de Lourdes&#8220; title_align=&#8220;separator_align_left&#8220; align=&#8220;align_left&#8220; color=&#8220;custom&#8220; border_width=&#8220;2&#8243; accent_color=&#8220;#b65534&#8243; el_class=&#8220;subtitle&#8220;][vc_column_text]Gletschersee, 3 km vom Stadtzentrum entfernt (Richtung Pau \u00fcber Soumoulou). Der See und seine Umgebung sind ideal f\u00fcr Wanderungen, Mountainbiketouren, Angeln und Golf. Im Sommer werden auch <strong>Ausritte<\/strong> <strong>mit dem Pferd oder Pony angeboten<\/strong><\/p>\n<div class=\"jhH5U r-i9dZURlqaM1I\" data-rtid=\"i9dZURlqaM1I\">\n<div id=\"tw-ob\" class=\"tw-src-ltr\">\n<div class=\"oSioSc\">\n<div id=\"tw-target\" class=\"\">\n<div id=\"kAz1tf\" class=\"g9WsWb\">\n<div id=\"tw-target-text-container\" class=\"tw-ta-container tw-nfl\">\n<p id=\"tw-target-text\" class=\"tw-data-text tw-text-large tw-ta\" dir=\"ltr\" data-placeholder=\"Traduction\"><strong><span lang=\"de\" tabindex=\"0\">Ein Tretboot zu mieten <\/span><\/strong>: Tel. 0033 (0)5 62 32 50 59<\/p>\n<\/div>\n<\/div>\n<\/div>\n<\/div>\n<\/div>\n<\/div>\n<p>[\/vc_column_text][vc_column_text]<strong>Adresse :<\/strong> Chemin du Lac, 65108 Lourdes<br \/>\n<strong>Telefon:<\/strong> 06 52 43 78 97<br \/>\n<strong>Web Site :<\/strong> <a href=\"https:\/\/de.lourdes-infotourisme.com\/web\/DE\/954-see-von-lourdes.php\" target=\"_blank\" rel=\"noopener noreferrer\">https:\/\/de.lourdes-infotourisme.com\/web\/DE<\/a>[\/vc_column_text][\/vc_column][vc_column width=&#8220;1\/2&#8243; overflow=&#8220;default&#8220; css=&#8220;.vc_custom_1571223307095{padding: 10% !important;}&#8220;][vc_video link=&#8220;https:\/\/www.youtube.com\/watch?v=wMCvJOiA3R8&#8243; el_width=&#8220;90&#8243;][vc_gallery type=&#8220;image_grid&#8220; images=&#8220;162,163,164&#8243; img_size=&#8220;200&#215;200&#8243;][\/vc_column][\/vc_row][vc_row full_width=&#8220;stretch_row_content_no_spaces&#8220; overflow=&#8220;default&#8220; css=&#8220;.vc_custom_1571225383742{padding-top: 100px !important;padding-bottom: 100px !important;background-image: url(http:\/\/angelic.novae.website\/wp-content\/uploads\/2019\/10\/r618704_9_cirque_gavarnie__p._meyer.jpg?id=168) !important;}&#8220;][vc_column][vc_text_separator title=&#8220;Around Lourdes&#8220; color=&#8220;white&#8220; border_width=&#8220;2&#8243; el_width=&#8220;50&#8243; el_class=&#8220;title&#8220;][\/vc_column][\/vc_row][vc_row full_width=&#8220;stretch_row_content&#8220; equal_height=&#8220;yes&#8220; content_placement=&#8220;middle&#8220; overflow=&#8220;default&#8220; el_id=&#8220;grotte&#8220;][vc_column width=&#8220;1\/2&#8243; overflow=&#8220;default&#8220; css=&#8220;.vc_custom_1571223240232{padding: 10% !important;}&#8220;][vc_text_separator title=&#8220;Grotte de Betharam&#8220; title_align=&#8220;separator_align_left&#8220; align=&#8220;align_left&#8220; color=&#8220;custom&#8220; border_width=&#8220;2&#8243; accent_color=&#8220;#b65534&#8243; el_class=&#8220;subtitle&#8220;][vc_column_text]Der H\u00f6hlenkomplex von B\u00e9tharram liefert in der Vielfalt seiner Aspekte den Schl\u00fcssel f\u00fcr die Entstehung fast aller toten oder noch aktiven H\u00f6hlen.<br \/>\nEr besteht <strong>aus f\u00fcnf \u00fcbereinanderliegenden Etagen,<\/strong> wie bei einem Haus, die in verschiedenen Epochen ausgeh\u00f6hlt wurden.[\/vc_column_text][vc_column_text]<strong>Adresse :<\/strong> Chemin des Grottes, 65270 Saint-P\u00e9-de-Bigorre<br \/>\n<strong>Telefon:<\/strong> \u00a005 62 41 80 04<br \/>\n<strong>Web Site :<\/strong> <a href=\"http:\/\/www.betharram.com\/\" target=\"_blank\" rel=\"noopener noreferrer\">www.betharram.com<\/a>[\/vc_column_text][\/vc_column][vc_column width=&#8220;1\/2&#8243; overflow=&#8220;default&#8220; css=&#8220;.vc_custom_1571223307095{padding: 10% !important;}&#8220;][vc_video link=&#8220;https:\/\/www.youtube.com\/watch?v=Wx55wOwvVd4&#8243; el_width=&#8220;90&#8243;][vc_gallery type=&#8220;image_grid&#8220; images=&#8220;172,171,173&#8243; img_size=&#8220;200&#215;200&#8243;][\/vc_column][\/vc_row][vc_row full_width=&#8220;stretch_row_content&#8220; equal_height=&#8220;yes&#8220; content_placement=&#8220;middle&#8220; overflow=&#8220;default&#8220; css=&#8220;.vc_custom_1571230491857{background-color: #efefef !important;}&#8220; el_id=&#8220;cirque&#8220;][vc_column width=&#8220;1\/2&#8243; overflow=&#8220;default&#8220; css=&#8220;.vc_custom_1571223240232{padding: 10% !important;}&#8220;][vc_text_separator title=&#8220;Cirque de Gavarnie&#8220; title_align=&#8220;separator_align_left&#8220; align=&#8220;align_left&#8220; color=&#8220;custom&#8220; border_width=&#8220;2&#8243; accent_color=&#8220;#b65534&#8243; el_class=&#8220;subtitle&#8220;][vc_column_text]<\/p>\n<div class=\"chapo\">\n<p><strong>Der ca. 55 km<\/strong> von Lourdes gelegene Talkessel <strong>Cirque de Gavarnie<\/strong> ist ein besonders imposanter und majest\u00e4tischer Ort, ein wahres Juwel des Naturerbes der Pyren\u00e4en&#8230;<\/p>\n<\/div>\n<div class=\"text\">\n<p>Der mythische Cirque de Gavarnie, der 1997 f\u00fcr den kulturellen und nat\u00fcrlichen Wert seiner St\u00e4tte in das Welterbe <strong>der UNESCO<\/strong> aufgenommen wurde, sowie die weniger bekannten aber ebenso \u00fcberw\u00e4ltigenden und imposanten Talkessel von Estaub\u00e9 und Troumouse bilden die <strong>landschaftliche und kulturelle Kulisse dieser Orte<\/strong>, die zweifellos die bekanntesten St\u00e4tten der Pyren\u00e4en sind.<\/p>\n<p>Der als Wiege des \u201ePyren\u00e4ismus\u201c geltende und von den Romantikern geliebte <strong>Cirque de Gavarnie<\/strong> ist mit seiner Felswand, die sich auf 3.248 m erhebt (Pic du Marbor\u00e9), und seinem Wasserfall (der gr\u00f6\u00dfte in Europa), der bekannteste von ihnen. Die Einheit, die er mit der Roland-Bresche bildet (man sagt, sie w\u00e4re durch das Schwert von Roland von Roncevaux, dem Neffen von Karl dem Gro\u00dfem, eingeschnitten worden), ist immer wieder \u00fcberraschend und bewundernswert. Die weiter \u00f6stlich gelegenen Talkessel von Estaub\u00e9 und Troumouse sind wilder und haupts\u00e4chlich mit Weideland bedeckt, aber ebenso gigantisch. Karw\u00e4nde erstrecken sich \u00fcber 10 km L\u00e4nge und schlie\u00dfen zahlreiche kleine Seen ein. Diese Landschaft ist f\u00fcr all diejenigen eine Freude, die die urspr\u00fcngliche Belassenheit der Natur suchen und die Menschen, die sie pflegen und erhalten. Einfach grandios&#8230;<\/p>\n<\/div>\n<p>[\/vc_column_text][vc_column_text]<strong>Adresse : <\/strong>Village de Gavarnie<br \/>\n<strong>Telefon : <\/strong>Tourism office<strong> :<\/strong> 05 62 92 49 10<br \/>\n<strong>Web Site :<\/strong><a href=\"https:\/\/de.lourdes-infotourisme.com\/web\/DE\/890-cirque-de-gavarnie.php\" target=\"_blank\" rel=\"noopener noreferrer\">https:\/\/de.lourdes-infotourisme.com\/web\/DE<\/a>[\/vc_column_text][\/vc_column][vc_column width=&#8220;1\/2&#8243; overflow=&#8220;default&#8220; css=&#8220;.vc_custom_1571223307095{padding: 10% !important;}&#8220;][vc_video link=&#8220;https:\/\/www.youtube.com\/watch?v=wpZyOAG3ChE&#8220; el_width=&#8220;90&#8243;][vc_gallery type=&#8220;image_grid&#8220; images=&#8220;168,167,166&#8243; img_size=&#8220;200&#215;200&#8243;][\/vc_column][\/vc_row][vc_row full_width=&#8220;stretch_row_content&#8220; equal_height=&#8220;yes&#8220; content_placement=&#8220;middle&#8220; overflow=&#8220;default&#8220; el_id=&#8220;pont&#8220;][vc_column width=&#8220;1\/2&#8243; overflow=&#8220;default&#8220; css=&#8220;.vc_custom_1571223240232{padding: 10% !important;}&#8220;][vc_text_separator title=&#8220;Pont d&#8217;Espagne&#8220; title_align=&#8220;separator_align_left&#8220; align=&#8220;align_left&#8220; color=&#8220;custom&#8220; border_width=&#8220;2&#8243; accent_color=&#8220;#b65534&#8243; el_class=&#8220;subtitle&#8220;][vc_column_text]<\/p>\n<p id=\"tw-target-text\" class=\"tw-data-text tw-text-large tw-ta\" dir=\"ltr\" data-placeholder=\"Traduction\"><span lang=\"de\" tabindex=\"0\"><strong>Le Pont d&#8217;Espagne<\/strong> mit dem h\u00f6her gelegenen Gaube-See geh\u00f6rt zu den begehrtesten Orten des Pyren\u00e4en-Nationalparks. Im Sommer wie im Winter werden Meditationen,<strong> Spazierg\u00e4nge und Wanderungen, Langlaufen, Schneeschuhwandern<\/strong> oder Rodeln junge Menschen begeistern und alt gleicherma\u00dfen. Um es allen zug\u00e4nglich zu machen, wurde diese Website so angelegt, dass die Umwelt geschont wird: Parkplatz, Empfangsgeb\u00e4ude, Shuttles, Herbergen usw.<\/span><\/p>\n<p class=\"tw-data-text tw-text-large tw-ta\" dir=\"ltr\" data-placeholder=\"Traduction\"><span lang=\"de\" tabindex=\"0\">Ein markierter Weg f\u00fchrt Sie zu einer Fu\u00dfg\u00e4ngerbr\u00fccke, wo Sie den ber\u00fchmten Pont d&#8217;Espagne bewundern k\u00f6nnen, der sich \u00fcber Schluchten w\u00f6lbt, in denen sch\u00e4umende Str\u00f6me flie\u00dfen.<\/span><\/p>\n<p class=\"tw-data-text tw-text-large tw-ta\" dir=\"ltr\" data-placeholder=\"Traduction\"><span lang=\"de\" tabindex=\"0\"> Sie k\u00f6nnen dann den Gaube-Sessellift nehmen, der Sie ruhig zum See bringt. W\u00e4hrend eines kurzen 15-min\u00fctigen Spaziergangs auf der Ebene sehen Sie den See in all seiner Pracht und kristallklarem Wasser. An seinem Ufer befindet sich die alte Herberge, in der Reisende im 19. Jahrhundert Halt machten. Der von franz\u00f6sischen Romantikern und Victor Hugo gefeierte Gaubesee wird von der eindrucksvollen Silhouette der Vignemale dominiert. Mit 3.298 Metern ist es der h\u00f6chste Gipfel der franz\u00f6sischen Pyren\u00e4en.<\/span><\/p>\n<p>[\/vc_column_text][vc_column_text]<strong>Adresse : <\/strong>Pont d&#8217;Espagne, Puntas, 65110 Cauterets<br \/>\n<strong>Telefon : <\/strong>Tourism office <strong>:<\/strong> 05 62 92 50 50<br \/>\n<strong>Web Site :<\/strong> <a href=\"https:\/\/de.lourdes-infotourisme.com\/web\/DE\/892-pont-d-espagne.php\" target=\"_blank\" rel=\"noopener noreferrer\">https:\/\/de.lourdes-infotourisme.com\/web\/DE<\/a>[\/vc_column_text][\/vc_column][vc_column width=&#8220;1\/2&#8243; overflow=&#8220;default&#8220; css=&#8220;.vc_custom_1571223307095{padding: 10% !important;}&#8220;][vc_video link=&#8220;https:\/\/www.youtube.com\/watch?v=mh7uYvYAqSc&amp;t=3s&#8220; el_width=&#8220;90&#8243;][vc_gallery type=&#8220;image_grid&#8220; images=&#8220;177,176,178&#8243; img_size=&#8220;200&#215;200&#8243;][\/vc_column][\/vc_row]<\/p>\n<\/div>","protected":false},"excerpt":{"rendered":"<p>[vc_row full_width=&#8220;stretch_row_content_no_spaces&#8220; overflow=&#8220;default&#8220; css=&#8220;.vc_custom_1733756446657{padding-top: 175px !important;padding-bottom: 50px !important;background-image: url(https:\/\/www.hotel-alliance-lourdes.com\/wp-content\/uploads\/2019\/10\/Background-provisoir.jpg?id=293) !important;background-position: center !important;background-repeat: no-repeat !important;background-size: cover !important;}&#8220;][vc_column][vc_text_separator title=&#8220;Besuchen Lourdes&#8220; color=&#8220;white&#8220; border_width=&#8220;2&#8243; el_width=&#8220;50&#8243; el_class=&#8220;title&#8220;][\/vc_column][\/vc_row][vc_row full_width=&#8220;stretch_row_content&#8220; equal_height=&#8220;yes&#8220; content_placement=&#8220;middle&#8220; overflow=&#8220;default&#8220; el_id=&#8220;sanctuaire&#8220;][vc_column width=&#8220;1\/2&#8243; overflow=&#8220;default&#8220; css=&#8220;.vc_custom_1571223240232{padding: 10% !important;}&#8220;][vc_text_separator title=&#8220;DER WALLFAHRTSORT VON LOURDES&#8220; title_align=&#8220;separator_align_left&#8220; align=&#8220;align_left&#8220; color=&#8220;custom&#8220; border_width=&#8220;2&#8243; accent_color=&#8220;#b65534&#8243; el_class=&#8220;subtitle&#8220;][vc_column_text]Der Wallfahrtsort von Lourdes&#8230;<\/p>\n","protected":false},"author":1,"featured_media":0,"parent":0,"menu_order":0,"comment_status":"closed","ping_status":"closed","template":"","meta":{"footnotes":""},"class_list":["post-521","page","type-page","status-publish","hentry"],"_links":{"self":[{"href":"https:\/\/www.hotel-alliance-lourdes.com\/de\/wp-json\/wp\/v2\/pages\/521","targetHints":{"allow":["GET"]}}],"collection":[{"href":"https:\/\/www.hotel-alliance-lourdes.com\/de\/wp-json\/wp\/v2\/pages"}],"about":[{"href":"https:\/\/www.hotel-alliance-lourdes.com\/de\/wp-json\/wp\/v2\/types\/page"}],"author":[{"embeddable":true,"href":"https:\/\/www.hotel-alliance-lourdes.com\/de\/wp-json\/wp\/v2\/users\/1"}],"replies":[{"embeddable":true,"href":"https:\/\/www.hotel-alliance-lourdes.com\/de\/wp-json\/wp\/v2\/comments?post=521"}],"version-history":[{"count":21,"href":"https:\/\/www.hotel-alliance-lourdes.com\/de\/wp-json\/wp\/v2\/pages\/521\/revisions"}],"predecessor-version":[{"id":1452,"href":"https:\/\/www.hotel-alliance-lourdes.com\/de\/wp-json\/wp\/v2\/pages\/521\/revisions\/1452"}],"wp:attachment":[{"href":"https:\/\/www.hotel-alliance-lourdes.com\/de\/wp-json\/wp\/v2\/media?parent=521"}],"curies":[{"name":"wp","href":"https:\/\/api.w.org\/{rel}","templated":true}]}}