{"id":516,"date":"2019-11-07T15:53:02","date_gmt":"2019-11-07T14:53:02","guid":{"rendered":"http:\/\/angelic.novae.website\/?page_id=516"},"modified":"2024-12-09T16:02:08","modified_gmt":"2024-12-09T15:02:08","slug":"lage-kontakt","status":"publish","type":"page","link":"https:\/\/www.hotel-alliance-lourdes.com\/de\/lage-kontakt\/","title":{"rendered":"Lage &#038; Kontakt"},"content":{"rendered":"<div class=\"wpb-content-wrapper\"><p>[vc_row full_width=&#8220;stretch_row_content_no_spaces&#8220; overflow=&#8220;default&#8220; css=&#8220;.vc_custom_1733756526739{padding-top: 175px !important;padding-bottom: 50px !important;background-image: url(https:\/\/www.hotel-alliance-lourdes.com\/wp-content\/uploads\/2019\/10\/Background-provisoir.jpg?id=293) !important;background-position: center !important;background-repeat: no-repeat !important;background-size: cover !important;}&#8220;][vc_column][vc_text_separator title=&#8220;Lage &amp; Kontakt&#8220; color=&#8220;white&#8220; border_width=&#8220;2&#8243; el_width=&#8220;50&#8243; el_class=&#8220;title&#8220;][\/vc_column][\/vc_row][vc_row full_width=&#8220;stretch_row_content&#8220; equal_height=&#8220;yes&#8220; content_placement=&#8220;top&#8220; overflow=&#8220;default&#8220;][vc_column width=&#8220;1\/2&#8243; overflow=&#8220;default&#8220; css=&#8220;.vc_custom_1571230840477{padding: 10% !important;}&#8220;][vc_text_separator title=&#8220;Kontakt&#8220; title_align=&#8220;separator_align_left&#8220; align=&#8220;align_left&#8220; color=&#8220;custom&#8220; border_width=&#8220;2&#8243; accent_color=&#8220;#b65534&#8243; el_class=&#8220;subtitle&#8220;][vc_column_text]<\/p>\n<h3><strong>Alliance hotel<\/strong><\/h3>\n<p><strong>Adresse :<\/strong> 9 Rue Louis Pomes, 65100 Lourdes &#8211; France<br \/>\n<strong>Telefon :<\/strong> +33 (0)5 62 46 15 25<br \/>\n<strong>Fax :<\/strong> +33 (0)5 62 92 56 32<br \/>\n<strong>E-mail :<\/strong> <a href=\"mailto:alliance-hotel65@orange.fr\">alliance-hotel65@orange.fr<\/a>[\/vc_column_text][vc_text_separator title=&#8220;Kontaktformular&#8220; title_align=&#8220;separator_align_left&#8220; align=&#8220;align_left&#8220; color=&#8220;custom&#8220; border_width=&#8220;2&#8243; accent_color=&#8220;#b65534&#8243; el_class=&#8220;subtitle&#8220;]\n<div class=\"wpcf7 no-js\" id=\"wpcf7-f518-o1\" lang=\"fr-FR\" dir=\"ltr\" data-wpcf7-id=\"518\">\n<div class=\"screen-reader-response\"><p role=\"status\" aria-live=\"polite\" aria-atomic=\"true\"><\/p> <ul><\/ul><\/div>\n<form action=\"\/de\/wp-json\/wp\/v2\/pages\/516#wpcf7-f518-o1\" method=\"post\" class=\"wpcf7-form init\" aria-label=\"Formulaire de contact\" novalidate=\"novalidate\" data-status=\"init\">\n<div style=\"display: none;\">\n<input type=\"hidden\" name=\"_wpcf7\" value=\"518\" \/>\n<input type=\"hidden\" name=\"_wpcf7_version\" value=\"6.0.1\" \/>\n<input type=\"hidden\" name=\"_wpcf7_locale\" value=\"fr_FR\" \/>\n<input type=\"hidden\" name=\"_wpcf7_unit_tag\" value=\"wpcf7-f518-o1\" \/>\n<input type=\"hidden\" name=\"_wpcf7_container_post\" value=\"0\" \/>\n<input type=\"hidden\" name=\"_wpcf7_posted_data_hash\" value=\"\" \/>\n<input type=\"hidden\" name=\"_wpcf7_recaptcha_response\" value=\"\" \/>\n<\/div>\n<div class=\"sh-cf7-body\"><table>\n\t<tr>\n\t\t<td>\n\t\t\t<p><label> Name *<br \/>\n<span class=\"wpcf7-form-control-wrap\" data-name=\"your-name\"><input size=\"40\" maxlength=\"400\" class=\"wpcf7-form-control wpcf7-text wpcf7-validates-as-required\" aria-required=\"true\" aria-invalid=\"false\" value=\"\" type=\"text\" name=\"your-name\" \/><\/span> <\/label>\n\t\t\t<\/p>\n\t\t<\/td>\n\t\t<td>\n\t\t\t<p><label> Telefonnummer *<br \/>\n<span class=\"wpcf7-form-control-wrap\" data-name=\"tel-826\"><input size=\"40\" maxlength=\"400\" class=\"wpcf7-form-control wpcf7-tel wpcf7-validates-as-required wpcf7-text wpcf7-validates-as-tel\" aria-required=\"true\" aria-invalid=\"false\" value=\"\" type=\"tel\" name=\"tel-826\" \/><\/span> <\/label>\n\t\t\t<\/p>\n\t\t<\/td>\n\t<\/tr>\n\t<tr>\n\t\t<td colspan=\"2\">\n\t\t\t<p><label> e-mail *<br \/>\n<span class=\"wpcf7-form-control-wrap\" data-name=\"your-email\"><input size=\"40\" maxlength=\"400\" class=\"wpcf7-form-control wpcf7-email wpcf7-validates-as-required wpcf7-text wpcf7-validates-as-email\" aria-required=\"true\" aria-invalid=\"false\" value=\"\" type=\"email\" name=\"your-email\" \/><\/span> <\/label>\n\t\t\t<\/p>\n\t\t<\/td>\n\t<\/tr>\n\t<tr>\n\t\t<td colspan=\"2\">\n\t\t\t<p><label> Thema<br \/>\n<span class=\"wpcf7-form-control-wrap\" data-name=\"your-subject\"><input size=\"40\" maxlength=\"400\" class=\"wpcf7-form-control wpcf7-text\" aria-invalid=\"false\" value=\"\" type=\"text\" name=\"your-subject\" \/><\/span> <\/label>\n\t\t\t<\/p>\n\t\t<\/td>\n\t<\/tr>\n\t<tr>\n\t\t<td colspan=\"2\">\n\t\t\t<p><label> Deine Nachricht<br \/>\n<span class=\"wpcf7-form-control-wrap\" data-name=\"your-message\"><textarea cols=\"40\" rows=\"10\" maxlength=\"2000\" class=\"wpcf7-form-control wpcf7-textarea\" aria-invalid=\"false\" name=\"your-message\"><\/textarea><\/span> <\/label>\n\t\t\t<\/p>\n\t\t<\/td>\n\t<\/tr>\n<\/table>\n<p><span class=\"wpcf7-form-control-wrap\" data-name=\"acceptance-288\"><span class=\"wpcf7-form-control wpcf7-acceptance\"><span class=\"wpcf7-list-item\"><label><input type=\"checkbox\" name=\"acceptance-288\" value=\"1\" aria-invalid=\"false\" \/><span class=\"wpcf7-list-item-label\">Ich bin damit einverstanden, dass die in diesem Formular eingegebenen Informationen verwendet werden, damit ich Sie im Rahmen dieser Kontaktanfrage erneut kontaktieren kann.<\/span><\/label><\/span><\/span><\/span>\n<\/p>\n<p><input class=\"wpcf7-form-control wpcf7-submit has-spinner\" type=\"submit\" value=\"Send\" \/>\n<\/p><\/div><div class=\"wpcf7-response-output\" aria-hidden=\"true\"><\/div>\n<\/form>\n<\/div>\n[\/vc_column][vc_column width=&#8220;1\/2&#8243; overflow=&#8220;default&#8220; css=&#8220;.vc_custom_1571230884669{padding: 10% !important;}&#8220;][vc_column_text]<iframe loading=\"lazy\" style=\"border: 0;\" src=\"https:\/\/www.google.com\/maps\/embed?pb=!1m14!1m8!1m3!1d5827.210100228594!2d-0.053638!3d43.091798!3m2!1i1024!2i768!4f13.1!3m3!1m2!1s0x0%3A0x496a2ff42e7b5725!2sHotel%20Alliance%20Lourdes!5e0!3m2!1sfr!2sfr!4v1576846307152!5m2!1sfr!2sfr\" width=\"600\" height=\"450\" frameborder=\"0\" allowfullscreen=\"allowfullscreen\"><\/iframe>[\/vc_column_text][\/vc_column][\/vc_row][vc_row][vc_column][vc_text_separator title=&#8220;Nach lourdes gehen&#8220; color=&#8220;custom&#8220; border_width=&#8220;2&#8243; accent_color=&#8220;#b65534&#8243; el_class=&#8220;subtitle&#8220;][vc_icon icon_fontawesome=&#8220;fa fa-car&#8220; color=&#8220;custom&#8220; background_style=&#8220;rounded-less&#8220; background_color=&#8220;custom&#8220; custom_color=&#8220;#ffffff&#8220; custom_background_color=&#8220;#b65534&#8243;][vc_column_text]<strong>Wie komme ich nach Lourdes zu bekommen ?<\/strong><\/p>\n<p>Von Tarbes nach Lourdes die Nationalstra\u00dfe N21: In Lourdes, fahren Sie in Richtung &#8222;Stadtzentrum&#8220; und &#8222;The Cave&#8220; According to the Fahrtrichtung, nehmen Sie den Boulevard de la Grotte (dann Boulevard R\u00e9my Semp\u00e9 Vater) oder Rue Grotto (\u00c4nderungen jeden 1. und 16. des Monats)<\/p>\n<p>Von Pau nach Lourdes nehmen Sie die Autobahn A.64 dann Tarbes Tarbes nach Lourdes die Nationalstra\u00dfe N21.<br \/>\nIn Lourdes, fahren Sie in Richtung &#8222;Stadtzentrum&#8220; und &#8222;The Cave&#8220; According to the Fahrtrichtung, nehmen Sie den Boulevard de la Grotte (dann Boulevard R\u00e9my Semp\u00e9 Vater) oder Rue de la Grotte (\u00e4ndert sich jeden 1. und 16 Monate)<\/p>\n<p>D&#8217;Argel\u00e8s-Gazost nach Lourdes die Nationalstra\u00dfe N21. In Lourdes folgen &#8222;La Grotte&#8220;. Nach der Verkehrsrichtung, nehmen Sie den Boulevard de la Grotte (dann Boulevard R\u00e9my Semp\u00e9 Vater) oder Rue de la Grotte (\u00e4ndert sich jeden 1. und 16. des Monats)[\/vc_column_text][vc_icon icon_fontawesome=&#8220;fa fa-plane&#8220; color=&#8220;custom&#8220; background_style=&#8220;rounded-less&#8220; background_color=&#8220;custom&#8220; custom_color=&#8220;#ffffff&#8220; custom_background_color=&#8220;#b65534&#8243;][vc_column_text]<\/p>\n<p id=\"tw-target-text\" class=\"tw-data-text tw-text-large tw-ta\" dir=\"ltr\" data-placeholder=\"Traduction\"><strong><span lang=\"de\" tabindex=\"0\">Kommen Sie mit dem Flugzeug nach Lourdes<\/span><\/strong><\/p>\n<p style=\"text-align: left;\">4 Flugh\u00e4fen Lourdes:<br \/>\n\u00b7 Tarbes Lourdes Pyr\u00e9n\u00e9es 15km &#8211; Taxi<br \/>\n\u00b7 Pau-Pyrenees 40 km &#8211; Taxis<br \/>\n\u00b7 Toulouse-Blagnac 180 km (Autobahn) &#8211; Taxis oder mit dem Zug nach Lourdes<br \/>\n\u00b7 Biarritz 200 km (Autobahn) &#8211; Taxis<br \/>\nAuf dem Flughafen von Tarbes-Lourdes-Pyrenees, 3 w\u00f6chentliche Linienfl\u00fcge zwischen Paris Orly-Ouest \/ Tarbes-Lourdes-Pyr\u00e9n\u00e9es<br \/>\nVom Flughafen Lourdes (15 km)<br \/>\nEin Taxi-Service l\u00e4uft 24\/24 zwischen Flughafen und Hotel.<br \/>\nPreis: ca. 30 \u20ac tags\u00fcber und 35 \u20ac nachts und am Wochenende (je nach Anzahl der Gep\u00e4ckst\u00fccke).<br \/>\nVom Flughafen von PAU (40 km)<br \/>\nEin Taxi-Service l\u00e4uft 24\/24 zwischen Flughafen und Hotel.<br \/>\nPreis: ca. 80 \u20ac und 100 \u20ac w\u00e4hrend des Tages und der Nacht und am Wochenende (je nach Anzahl der Gep\u00e4ckst\u00fccke).<\/p>\n<p>[\/vc_column_text][vc_icon icon_fontawesome=&#8220;fa fa-train&#8220; color=&#8220;custom&#8220; background_style=&#8220;rounded-less&#8220; background_color=&#8220;custom&#8220; custom_color=&#8220;#ffffff&#8220; custom_background_color=&#8220;#b65534&#8243;][vc_column_text]<\/p>\n<p style=\"text-align: left;\"><strong>Anreise mit dem Zug nach Lourdes<\/strong><\/p>\n<p style=\"text-align: left;\">Der Hochgeschwindigkeitszug (TGV) Paris-Lourdes (Fahrzeit: 6:00) stellt sicher, vier Verbindungen pro Tag und bietet zwei Nachtz\u00fcge.<br \/>\nEs gibt direkte Zugverbindungen von Bordeaux \/ Toulouse \/ Montpellier \/ Marseille \/ Nizza \/ Lyon \/ Ventimiglia \/ Genf \/ Irun.<br \/>\nEine Busgesellschaft bietet einen Shuttleservice vom Bahnhof zum Lourdes-Grotte (Porte St Joseph)<br \/>\nAlle 15 Minuten: Stadtbusse (blauer Bus), w\u00e4hlen Sie Leitung 1 oder 2 (von Palmsonntag bis 31. Oktober) .Tarif: 1-2 \u20ac \/ Person (einfache Fahrt) \/ 2-3 \u20ac \/ Person (ein \/ R\u00fccklauf)<br \/>\n\u00d6ffnungszeiten: 07.00 bis 19.00 Uhr (bis 22:30 Uhr im Juli und August) Nr gr\u00fcn: 0800100329<br \/>\nEin Taxi-Service l\u00e4uft 24\/24 zwischen dem Bahnhof und Hotel &#8211; Geb\u00fchr: 15 \u20ac pro Tag und 20 \u20ac pro Nacht (je nach Anzahl der Gep\u00e4ckst\u00fccke)<\/p>\n<p>[\/vc_column_text][vc_icon icon_fontawesome=&#8220;fa fa-map-marker&#8220; color=&#8220;custom&#8220; background_style=&#8220;rounded-less&#8220; background_color=&#8220;custom&#8220; custom_color=&#8220;#ffffff&#8220; custom_background_color=&#8220;#b65534&#8243;][vc_column_text]<strong>Oder parkplatz ?<\/strong><\/p>\n<p><strong>Kostenlose Privatparkpl\u00e4tze<\/strong> Hotel Alliance<\/p>\n<p><strong>Kostenlose bewachte Parkpl\u00e4tz<\/strong>e in der N\u00e4he der Wallfahrtsst\u00e4tten innerhalb von 5 Minuten vom Hotel Angelic: Esplanade du Paradis;\u00a0<strong>\u00a0Klicken Sie hier\u00a0<a href=\"https:\/\/www.google.fr\/maps\/place\/Espl.+du+Paradis,+65100+Lourdes\/@43.0904439,-0.0541325,17z\/data=!3m1!4b1!4m2!3m1!1s0xd57d698e54fed1d:0x343e35223a194cdd\" target=\"_blank\" rel=\"noopener noreferrer\">Location map<\/a>;<\/strong><\/p>\n<p><strong>\u00dcberdachte kostenpflichtige Parkpl\u00e4tze<\/strong>: Parkplatz Municipal Peyramale &#8211; Platz Peyramale (Downtown)\u00a0<strong>\u00a0Klicken Sie hier \u00a0<a href=\"https:\/\/www.google.fr\/maps\/place\/Vinci+Park+Services\/@43.0961707,-0.0465446,17z\/data=!3m1!4b1!4m2!3m1!1s0xd57d6994dddc7fd:0xc962343429c780ae\" target=\"_blank\" rel=\"noopener noreferrer\">Location map<\/a><\/strong><\/p>\n<p><strong>Municipal Parking Merlasse<\/strong>\u00a0&#8211; \u00a0Avenue \u00a0Schoepfer (in der N\u00e4he der Wallfahrtsst\u00e4tte Lourdes)\u00a0<strong>Klicken Sie hier\u00a0<\/strong>\u00a0\u00a0<strong><a href=\"https:\/\/www.google.fr\/maps\/place\/Parking+Merlasse\/@43.095962,-0.0553673,17z\/data=!3m1!4b1!4m2!3m1!1s0xd57d69ff2ba40c7:0x34da086fd63015ea\" target=\"_blank\" rel=\"noopener noreferrer\">Location map<\/a><\/strong><\/p>\n<p><strong>Kostenpflichtige Parkpl\u00e4tze<\/strong>\u00a0in der N\u00e4he der Wallfahrtsst\u00e4tten: Parkplatz Boissarie, Rue du Docteur Boissarie, Quai St John, St. Mary Square von Merlasse Rue des Carri\u00e8res Peyramale, Avenue du Paradis, Parkplatz Esplanade du Paradis, De Gleichheit, Avenue R\u00e9mi Semp\u00e9 , Avenue Mgr Th\u00e9ass[\/vc_column_text][vc_icon icon_fontawesome=&#8220;fa fa-random&#8220; color=&#8220;custom&#8220; background_style=&#8220;rounded-less&#8220; background_color=&#8220;custom&#8220; custom_color=&#8220;#ffffff&#8220; custom_background_color=&#8220;#b65534&#8243;][vc_column_text]<\/p>\n<p id=\"tw-target-text\" class=\"tw-data-text tw-text-large tw-ta\" dir=\"ltr\" data-placeholder=\"Traduction\"><strong><span lang=\"de\" tabindex=\"0\">Nach Lourdes fahren<\/span><\/strong><\/p>\n<p style=\"text-align: left;\">Die beiden Haupteing\u00e4nge zum Schreine sind Einbahnstra\u00dfen, die alle 15 Tage \u00e4ndern.<br \/>\nVon der Innenstadt, vom 1. bis zum 15. des laufenden Monats, nehmen Sie die Rue de la Grotte.<br \/>\nJedoch von 16 bis 30\/31 des Monats, sollten Sie den Boulevard de la Grotte nehmen, dann Boulevard R\u00e9my Semp\u00e9 Porte St Joseph (je nach f\u00fcr die Arbeit oder aus anderen Gr\u00fcnden zu \u00e4ndern) zu bekommen.<br \/>\nBevor Sie ankommen, Sie bei Ihrem Hotel \u00fcber die Richtung des Verkehrs am Tag der Anreise.<\/p>\n<p>Schutzgebiete sind in der N\u00e4he des Hotel Angelic, Ihnen die wichtigsten Wanderungen durchf\u00fchren. Das Stadtzentrum ist ebenfalls bequem zu erreichen, zu Fu\u00df etwa 10 Minuten.<\/p>\n<p>Shuttle-Busse sind von der Station (Citybus), zur Grotte (St.-Josephs-Eingang)<br \/>\nAlle 15 Minuten: Stadtbusse (blauer Bus), w\u00e4hlen Sie Leitung 1 oder 2 zur Grotte &#8211; Hotels &#8211; Station (von Ostern bis Oktober)<br \/>\nPreis f\u00fcr rund 1\/2 \u20ac<br \/>\n\u00d6ffnungszeiten: 07.00 bis 19.00 Uhr (bis 22:30 Uhr im Juli und August)[\/vc_column_text][vc_icon icon_fontawesome=&#8220;fa fa-comments-o&#8220; color=&#8220;custom&#8220; background_style=&#8220;rounded-less&#8220; background_color=&#8220;custom&#8220; custom_color=&#8220;#ffffff&#8220; custom_background_color=&#8220;#b65534&#8243;][vc_column_text]<\/p>\n<p style=\"text-align: left;\"><strong>Mit Dem Taxi<\/strong><\/p>\n<p style=\"text-align: left;\"><a title=\"AVIS\" href=\"https:\/\/www.avis.fr\/services-avis\/location-voiture\/europe\/france\/lourdes\/gare-de-lourdes\" target=\"_blank\" rel=\"noopener noreferrer\">www.avis.fr<\/a> Tel\/Ph +33 (0)5 62 34 26 76<br \/>\n<a href=\"https:\/\/www.europcar.de\/de-de\/stationen\/frankreich\/lourdes?_ga=2.136344304.1795882811.1586599301-460544990.1586599301&amp;_gac=1.121202298.1586599550.CjwKCAjw1cX0BRBmEiwAy9tKHkIEHLyITj-eIAziogj-H6FevZLtEXRlEF_1J3SByqK9XGVHEFHw7RoCspgQAvD_BwE\" target=\"_blank\" rel=\"noopener noreferrer\">www.europcar.fr &#8211;<\/a>\u00a0Tel\/Ph +33 (0)5 62 51 20 21<br \/>\n<a href=\"https:\/\/www.hertz.fr\/p\/location-de-voiture\/france\/tarbes\/lourdes-tarbes-airport\" target=\"_blank\" rel=\"noopener noreferrer\">www.hertz.fr\u00a0<\/a>&#8211; Tel\/Ph +33 (0)5 62 93 14 99<\/p>\n<p>[\/vc_column_text][\/vc_column][\/vc_row]<\/p>\n<\/div>","protected":false},"excerpt":{"rendered":"<p>[vc_row full_width=&#8220;stretch_row_content_no_spaces&#8220; overflow=&#8220;default&#8220; css=&#8220;.vc_custom_1733756526739{padding-top: 175px !important;padding-bottom: 50px !important;background-image: url(https:\/\/www.hotel-alliance-lourdes.com\/wp-content\/uploads\/2019\/10\/Background-provisoir.jpg?id=293) !important;background-position: center !important;background-repeat: no-repeat !important;background-size: cover !important;}&#8220;][vc_column][vc_text_separator title=&#8220;Lage &amp; Kontakt&#8220; color=&#8220;white&#8220; border_width=&#8220;2&#8243; el_width=&#8220;50&#8243; el_class=&#8220;title&#8220;][\/vc_column][\/vc_row][vc_row full_width=&#8220;stretch_row_content&#8220; equal_height=&#8220;yes&#8220; content_placement=&#8220;top&#8220; overflow=&#8220;default&#8220;][vc_column width=&#8220;1\/2&#8243; overflow=&#8220;default&#8220; css=&#8220;.vc_custom_1571230840477{padding: 10% !important;}&#8220;][vc_text_separator title=&#8220;Kontakt&#8220; title_align=&#8220;separator_align_left&#8220; align=&#8220;align_left&#8220; color=&#8220;custom&#8220; border_width=&#8220;2&#8243; accent_color=&#8220;#b65534&#8243; el_class=&#8220;subtitle&#8220;][vc_column_text] Alliance hotel Adresse : 9 Rue&#8230;<\/p>\n","protected":false},"author":1,"featured_media":0,"parent":0,"menu_order":0,"comment_status":"closed","ping_status":"closed","template":"","meta":{"footnotes":""},"class_list":["post-516","page","type-page","status-publish","hentry"],"_links":{"self":[{"href":"https:\/\/www.hotel-alliance-lourdes.com\/de\/wp-json\/wp\/v2\/pages\/516","targetHints":{"allow":["GET"]}}],"collection":[{"href":"https:\/\/www.hotel-alliance-lourdes.com\/de\/wp-json\/wp\/v2\/pages"}],"about":[{"href":"https:\/\/www.hotel-alliance-lourdes.com\/de\/wp-json\/wp\/v2\/types\/page"}],"author":[{"embeddable":true,"href":"https:\/\/www.hotel-alliance-lourdes.com\/de\/wp-json\/wp\/v2\/users\/1"}],"replies":[{"embeddable":true,"href":"https:\/\/www.hotel-alliance-lourdes.com\/de\/wp-json\/wp\/v2\/comments?post=516"}],"version-history":[{"count":13,"href":"https:\/\/www.hotel-alliance-lourdes.com\/de\/wp-json\/wp\/v2\/pages\/516\/revisions"}],"predecessor-version":[{"id":1458,"href":"https:\/\/www.hotel-alliance-lourdes.com\/de\/wp-json\/wp\/v2\/pages\/516\/revisions\/1458"}],"wp:attachment":[{"href":"https:\/\/www.hotel-alliance-lourdes.com\/de\/wp-json\/wp\/v2\/media?parent=516"}],"curies":[{"name":"wp","href":"https:\/\/api.w.org\/{rel}","templated":true}]}}