{"id":513,"date":"2019-11-07T15:50:55","date_gmt":"2019-11-07T14:50:55","guid":{"rendered":"http:\/\/angelic.novae.website\/?page_id=513"},"modified":"2024-12-09T15:58:21","modified_gmt":"2024-12-09T14:58:21","slug":"restaurant-bar","status":"publish","type":"page","link":"https:\/\/www.hotel-alliance-lourdes.com\/de\/restaurant-bar\/","title":{"rendered":"Restaurant &#038; Bar"},"content":{"rendered":"<div class=\"wpb-content-wrapper\"><p>[vc_row full_width=&#8220;stretch_row_content_no_spaces&#8220; overflow=&#8220;default&#8220; css=&#8220;.vc_custom_1733756300548{padding-top: 175px !important;padding-bottom: 50px !important;background-image: url(https:\/\/www.hotel-alliance-lourdes.com\/wp-content\/uploads\/2019\/10\/Background-provisoir.jpg?id=293) !important;background-position: center !important;background-repeat: no-repeat !important;background-size: cover !important;}&#8220;][vc_column][vc_text_separator title=&#8220;Restaurant &amp; Bar&#8220; color=&#8220;white&#8220; border_width=&#8220;2&#8243; el_width=&#8220;50&#8243; el_class=&#8220;title&#8220;][\/vc_column][\/vc_row][vc_row full_width=&#8220;stretch_row_content&#8220; equal_height=&#8220;yes&#8220; content_placement=&#8220;middle&#8220; overflow=&#8220;default&#8220; el_id=&#8220;restaurant&#8220;][vc_column width=&#8220;1\/2&#8243; overflow=&#8220;default&#8220; css=&#8220;.vc_custom_1576836383185{padding-top: 7% !important;padding-right: 7% !important;padding-bottom: 7% !important;padding-left: 7% !important;background-color: #b65534 !important;}&#8220;][vc_gallery type=&#8220;flexslider_slide&#8220; interval=&#8220;3&#8243; images=&#8220;731,742&#8243; img_size=&#8220;707&#215;470&#8243;][\/vc_column][vc_column width=&#8220;1\/2&#8243; overflow=&#8220;default&#8220; css=&#8220;.vc_custom_1571133779166{padding-top: 7% !important;padding-right: 7% !important;padding-bottom: 7% !important;padding-left: 7% !important;}&#8220;][vc_text_separator title=&#8220;Restaurant&#8220; title_align=&#8220;separator_align_left&#8220; align=&#8220;align_left&#8220; color=&#8220;custom&#8220; border_width=&#8220;2&#8243; accent_color=&#8220;#b65534&#8243; el_class=&#8220;subtitle&#8220;][vc_column_text]Das klimatisierte Restaurant und eines sehr\u00a0<strong>gro\u00dfen Komforts schlagen Ihnen eine gro\u00dfz\u00fcgige und gierige K\u00fcche vor.<\/strong><\/p>\n<p>Sie haben die M\u00f6glichkeit,<strong>\u00a0die halbe Pension und Vollpension f\u00fcr ein Qualit\u00e4t-Preis-Verh\u00e4ltnis sehr interessanter zu reservieren.<\/strong>[\/vc_column_text][vc_raw_html]JTNDZGl2JTIwaWQlM0QlMjJidG4tcmVzJTIyJTNFJTBBJTNDYSUyMGhyZWYlM0QlMjIlMkZkZSUyRmxhZ2Uta29udGFrdCUyRiUyMiUyMGNsYXNzJTNEJTIybGluay1yZXMlMjIlM0VLb250YWt0aWVyZW4lMjBTaWUlMjB1bnMlMkMlMjB1bSUyMHp1JTIwYnVjaGVuJTNDJTJGYSUzRSUwQSUzQyUyRmRpdiUzRQ==[\/vc_raw_html][\/vc_column][\/vc_row][vc_row full_width=&#8220;stretch_row_content&#8220; equal_height=&#8220;yes&#8220; content_placement=&#8220;middle&#8220; overflow=&#8220;default&#8220; el_id=&#8220;bar&#8220;][vc_column width=&#8220;1\/2&#8243; overflow=&#8220;default&#8220; css=&#8220;.vc_custom_1571133779166{padding-top: 7% !important;padding-right: 7% !important;padding-bottom: 7% !important;padding-left: 7% !important;}&#8220;][vc_text_separator title=&#8220;Bar&#8220; title_align=&#8220;separator_align_left&#8220; align=&#8220;align_left&#8220; color=&#8220;custom&#8220; border_width=&#8220;2&#8243; accent_color=&#8220;#b65534&#8243; el_class=&#8220;subtitle&#8220;][vc_column_text]Das 3-Sterne-Hotel Alliance ist f\u00fcr den Empfang<strong> von Gruppen<\/strong> ausgezeichnet geeignet: zu ihrer Verf\u00fcgung stehen eine Bar, mehrere Salons, davon einer mit TV-Video, und eine gro\u00dfe Empfangshalle.<\/p>\n<p>Die Bar l\u00e4dt <strong>zu einem Aperitif oder Kaffee ein.<\/strong>[\/vc_column_text][\/vc_column][vc_column width=&#8220;1\/2&#8243; overflow=&#8220;default&#8220; css=&#8220;.vc_custom_1576836395848{padding-top: 7% !important;padding-right: 7% !important;padding-bottom: 7% !important;padding-left: 7% !important;background-color: #b65534 !important;}&#8220;][vc_gallery type=&#8220;flexslider_slide&#8220; interval=&#8220;3&#8243; images=&#8220;734,725&#8243; img_size=&#8220;707&#215;470&#8243;][\/vc_column][\/vc_row]<\/p>\n<\/div>","protected":false},"excerpt":{"rendered":"<p>[vc_row full_width=&#8220;stretch_row_content_no_spaces&#8220; overflow=&#8220;default&#8220; css=&#8220;.vc_custom_1733756300548{padding-top: 175px !important;padding-bottom: 50px !important;background-image: url(https:\/\/www.hotel-alliance-lourdes.com\/wp-content\/uploads\/2019\/10\/Background-provisoir.jpg?id=293) !important;background-position: center !important;background-repeat: no-repeat !important;background-size: cover !important;}&#8220;][vc_column][vc_text_separator title=&#8220;Restaurant &amp; Bar&#8220; color=&#8220;white&#8220; border_width=&#8220;2&#8243; el_width=&#8220;50&#8243; el_class=&#8220;title&#8220;][\/vc_column][\/vc_row][vc_row full_width=&#8220;stretch_row_content&#8220; equal_height=&#8220;yes&#8220; content_placement=&#8220;middle&#8220; overflow=&#8220;default&#8220; el_id=&#8220;restaurant&#8220;][vc_column width=&#8220;1\/2&#8243; overflow=&#8220;default&#8220; css=&#8220;.vc_custom_1576836383185{padding-top: 7% !important;padding-right: 7% !important;padding-bottom: 7% !important;padding-left: 7% !important;background-color: #b65534 !important;}&#8220;][vc_gallery type=&#8220;flexslider_slide&#8220; interval=&#8220;3&#8243; images=&#8220;731,742&#8243; img_size=&#8220;707&#215;470&#8243;][\/vc_column][vc_column&#8230;<\/p>\n","protected":false},"author":1,"featured_media":0,"parent":0,"menu_order":0,"comment_status":"closed","ping_status":"closed","template":"","meta":{"footnotes":""},"class_list":["post-513","page","type-page","status-publish","hentry"],"_links":{"self":[{"href":"https:\/\/www.hotel-alliance-lourdes.com\/de\/wp-json\/wp\/v2\/pages\/513","targetHints":{"allow":["GET"]}}],"collection":[{"href":"https:\/\/www.hotel-alliance-lourdes.com\/de\/wp-json\/wp\/v2\/pages"}],"about":[{"href":"https:\/\/www.hotel-alliance-lourdes.com\/de\/wp-json\/wp\/v2\/types\/page"}],"author":[{"embeddable":true,"href":"https:\/\/www.hotel-alliance-lourdes.com\/de\/wp-json\/wp\/v2\/users\/1"}],"replies":[{"embeddable":true,"href":"https:\/\/www.hotel-alliance-lourdes.com\/de\/wp-json\/wp\/v2\/comments?post=513"}],"version-history":[{"count":8,"href":"https:\/\/www.hotel-alliance-lourdes.com\/de\/wp-json\/wp\/v2\/pages\/513\/revisions"}],"predecessor-version":[{"id":1442,"href":"https:\/\/www.hotel-alliance-lourdes.com\/de\/wp-json\/wp\/v2\/pages\/513\/revisions\/1442"}],"wp:attachment":[{"href":"https:\/\/www.hotel-alliance-lourdes.com\/de\/wp-json\/wp\/v2\/media?parent=513"}],"curies":[{"name":"wp","href":"https:\/\/api.w.org\/{rel}","templated":true}]}}